{"id":955,"date":"2017-01-17T04:37:40","date_gmt":"2017-01-17T04:37:40","guid":{"rendered":"http:\/\/heinrich.cl\/ggh2\/?page_id=955"},"modified":"2023-08-03T20:03:42","modified_gmt":"2023-08-03T20:03:42","slug":"planes-de-estudio-3o-y-4o-ano-medio-tp-y-hc","status":"publish","type":"page","link":"https:\/\/heinrich.cl\/ggh2\/planes-de-estudio-3o-y-4o-ano-medio-tp-y-hc\/","title":{"rendered":"Planes de estudio 3\u00ba y 4\u00ba a\u00f1o medio  HC"},"content":{"rendered":"<h1><u>3\u00b0 y 4\u00b0 Medio<\/u><\/h1>\n<p><strong><u>Formaci\u00f3n General y Diferenciada Human\u00edstico-Cient\u00edfica<\/u><\/strong><\/p>\n<p><strong>\u00a0<\/strong><\/p>\n<p><strong>\u00a0<\/strong><\/p>\n<table style=\"border-color: #f00a0a; border-style: solid; height: 1160px;\" width=\"1264\">\n<tbody>\n<tr>\n<td style=\"width: 378.625px;\" colspan=\"2\"><strong>Plan de Estudio 3\u00b0 y 4\u00b0 medio<\/strong><\/td>\n<td style=\"width: 428.125px;\" colspan=\"4\"><strong>Horas anuales<\/strong><\/td>\n<td style=\"width: 428.25px;\" colspan=\"4\"><strong>Horas semanales<\/strong><\/td>\n<\/tr>\n<tr>\n<td style=\"width: 378.625px;\" colspan=\"2\"><strong>Human\u00edstico-Cient\u00edfica<\/strong><\/td>\n<td style=\"width: 190.047px;\" colspan=\"2\"><strong>Con JEC<\/strong><\/td>\n<td style=\"width: 190.078px;\" colspan=\"2\"><strong>Sin JEC<\/strong><\/td>\n<td style=\"width: 190.047px;\" colspan=\"2\"><strong>Con JEC<\/strong><\/td>\n<td style=\"width: 190.203px;\" colspan=\"2\"><strong>Sin JEC<\/strong><\/td>\n<\/tr>\n<tr>\n<td style=\"width: 136.625px;\"><\/td>\n<td style=\"width: 194px;\">\n<p><strong>\u00a0<\/strong><\/p>\n<p><strong>Asignatura<\/strong><\/td>\n<td style=\"width: 71.0156px;\">\n<p><strong>3\u00b0<\/strong><\/p>\n<p><strong>medio<\/strong><\/td>\n<td style=\"width: 71.0312px;\">\n<p><strong>4\u00b0<\/strong><\/p>\n<p><strong>medio<\/strong><\/td>\n<td style=\"width: 71.0156px;\">\n<p><strong>3\u00b0<\/strong><\/p>\n<p><strong>medio<\/strong><\/td>\n<td style=\"width: 71.0625px;\">\n<p><strong>4\u00b0<\/strong><\/p>\n<p><strong>medio<\/strong><\/td>\n<td style=\"width: 71.0156px;\">\n<p><strong>3\u00b0<\/strong><\/p>\n<p><strong>medio<\/strong><\/td>\n<td style=\"width: 71.0312px;\">\n<p><strong>4\u00b0<\/strong><\/p>\n<p><strong>medio<\/strong><\/td>\n<td style=\"width: 71.0156px;\">\n<p><strong>3\u00b0<\/strong><\/p>\n<p><strong>medio<\/strong><\/td>\n<td style=\"width: 71.1875px;\">\n<p><strong>4\u00b0<\/strong><\/p>\n<p><strong>medio<\/strong><\/td>\n<\/tr>\n<tr>\n<td style=\"width: 136.625px;\" rowspan=\"13\">\n<p><strong>\u00a0<\/strong><\/p>\n<p><strong>\u00a0<\/strong><\/p>\n<p><strong>\u00a0<\/strong><\/p>\n<p><strong>\u00a0<\/strong><\/p>\n<p><strong>\u00a0<\/strong><\/p>\n<p><strong>\u00a0<\/strong><\/p>\n<p><strong>Formaci\u00f3n <\/strong><strong>General<\/strong><\/td>\n<td style=\"width: 194px;\">Lenguaje y Comunicaci\u00f3n<\/td>\n<td style=\"width: 71.0156px;\">114<\/td>\n<td style=\"width: 71.0312px;\">114<\/td>\n<td style=\"width: 71.0156px;\">114<\/td>\n<td style=\"width: 71.0625px;\">114<\/td>\n<td style=\"width: 71.0156px;\">3<\/td>\n<td style=\"width: 71.0312px;\">3<\/td>\n<td style=\"width: 71.0156px;\">3<\/td>\n<td style=\"width: 71.1875px;\">3<\/td>\n<\/tr>\n<tr>\n<td style=\"width: 194px;\">Matem\u00e1tica<\/td>\n<td style=\"width: 71.0156px;\">114<\/td>\n<td style=\"width: 71.0312px;\">114<\/td>\n<td style=\"width: 71.0156px;\">114<\/td>\n<td style=\"width: 71.0625px;\">114<\/td>\n<td style=\"width: 71.0156px;\">3<\/td>\n<td style=\"width: 71.0312px;\">3<\/td>\n<td style=\"width: 71.0156px;\">3<\/td>\n<td style=\"width: 71.1875px;\">3<\/td>\n<\/tr>\n<tr>\n<td style=\"width: 194px;\">Historia, Geograf\u00eda y Ciencias Sociales<\/td>\n<td style=\"width: 71.0156px;\">\n<p><strong>\u00a0<\/strong><\/p>\n<p>152<\/td>\n<td style=\"width: 71.0312px;\">\n<p><strong>\u00a0<\/strong><\/p>\n<p>152<\/td>\n<td style=\"width: 71.0156px;\">\n<p><strong>\u00a0<\/strong><\/p>\n<p>152<\/td>\n<td style=\"width: 71.0625px;\">\n<p><strong>\u00a0<\/strong><\/p>\n<p>152<\/td>\n<td style=\"width: 71.0156px;\">\n<p><strong>\u00a0<\/strong><\/p>\n<p>4<\/td>\n<td style=\"width: 71.0312px;\">\n<p><strong>\u00a0<\/strong><\/p>\n<p>4<\/td>\n<td style=\"width: 71.0156px;\">\n<p><strong>\u00a0<\/strong><\/p>\n<p>4<\/td>\n<td style=\"width: 71.1875px;\">\n<p><strong>\u00a0<\/strong><\/p>\n<p>4<\/td>\n<\/tr>\n<tr>\n<td style=\"width: 194px;\">Artes Visuales o Musicales*<\/td>\n<td style=\"width: 71.0156px;\">\n<p><strong>\u00a0<\/strong><\/p>\n<p>76<\/td>\n<td style=\"width: 71.0312px;\">\n<p><strong>\u00a0<\/strong><\/p>\n<p>76<\/td>\n<td style=\"width: 71.0156px;\">\n<p><strong>\u00a0<\/strong><\/p>\n<p>76<\/td>\n<td style=\"width: 71.0625px;\">\n<p><strong>\u00a0<\/strong><\/p>\n<p>76<\/td>\n<td style=\"width: 71.0156px;\">\n<p><strong>\u00a0<\/strong><\/p>\n<p>2<\/td>\n<td style=\"width: 71.0312px;\">\n<p><strong>\u00a0<\/strong><\/p>\n<p>2<\/td>\n<td style=\"width: 71.0156px;\">\n<p><strong>\u00a0<\/strong><\/p>\n<p>2<\/td>\n<td style=\"width: 71.1875px;\">\n<p><strong>\u00a0<\/strong><\/p>\n<p>2<\/td>\n<\/tr>\n<tr>\n<td style=\"width: 194px;\">Educaci\u00f3n F\u00edsica<\/td>\n<td style=\"width: 71.0156px;\">76<\/td>\n<td style=\"width: 71.0312px;\">76<\/td>\n<td style=\"width: 71.0156px;\">76<\/td>\n<td style=\"width: 71.0625px;\">76<\/td>\n<td style=\"width: 71.0156px;\">2<\/td>\n<td style=\"width: 71.0312px;\">2<\/td>\n<td style=\"width: 71.0156px;\">2<\/td>\n<td style=\"width: 71.1875px;\">2<\/td>\n<\/tr>\n<tr>\n<td style=\"width: 194px;\">Consejo de Curso<\/td>\n<td style=\"width: 71.0156px;\">38<\/td>\n<td style=\"width: 71.0312px;\">38<\/td>\n<td style=\"width: 71.0156px;\">38<\/td>\n<td style=\"width: 71.0625px;\">38<\/td>\n<td style=\"width: 71.0156px;\">1<\/td>\n<td style=\"width: 71.0312px;\">1<\/td>\n<td style=\"width: 71.0156px;\">1<\/td>\n<td style=\"width: 71.1875px;\">1<\/td>\n<\/tr>\n<tr>\n<td style=\"width: 194px;\">Religi\u00f3n**<\/td>\n<td style=\"width: 71.0156px;\">76<\/td>\n<td style=\"width: 71.0312px;\">76<\/td>\n<td style=\"width: 71.0156px;\">76<\/td>\n<td style=\"width: 71.0625px;\">76<\/td>\n<td style=\"width: 71.0156px;\">2<\/td>\n<td style=\"width: 71.0312px;\">2<\/td>\n<td style=\"width: 71.0156px;\">2<\/td>\n<td style=\"width: 71.1875px;\">2<\/td>\n<\/tr>\n<tr>\n<td style=\"width: 194px;\">Idioma Extranjero: Ingl\u00e9s<\/td>\n<td style=\"width: 71.0156px;\">114<\/td>\n<td style=\"width: 71.0312px;\">114<\/td>\n<td style=\"width: 71.0156px;\">114<\/td>\n<td style=\"width: 71.0625px;\">114<\/td>\n<td style=\"width: 71.0156px;\">3<\/td>\n<td style=\"width: 71.0312px;\">3<\/td>\n<td style=\"width: 71.0156px;\">3<\/td>\n<td style=\"width: 71.1875px;\">3<\/td>\n<\/tr>\n<tr>\n<td style=\"width: 194px;\">Biolog\u00eda***<\/td>\n<td style=\"width: 71.0156px;\">76<\/td>\n<td style=\"width: 71.0312px;\">76<\/td>\n<td style=\"width: 71.0156px;\">76<\/td>\n<td style=\"width: 71.0625px;\">76<\/td>\n<td style=\"width: 71.0156px;\" rowspan=\"3\">\n<p><strong>\u00a0<\/strong><\/p>\n<p>4<\/td>\n<td style=\"width: 71.0312px;\" rowspan=\"3\">\n<p><strong>\u00a0<\/strong><\/p>\n<p>4<\/td>\n<td style=\"width: 71.0156px;\" rowspan=\"3\">\n<p><strong>\u00a0<\/strong><\/p>\n<p>4<\/td>\n<td style=\"width: 71.1875px;\" rowspan=\"3\">\n<p><strong>\u00a0<\/strong><\/p>\n<p>4<\/td>\n<\/tr>\n<tr>\n<td style=\"width: 194px;\">Qu\u00edmica***<\/td>\n<td style=\"width: 71.0156px;\">76<\/td>\n<td style=\"width: 71.0312px;\">0<\/td>\n<td style=\"width: 71.0156px;\">76<\/td>\n<td style=\"width: 71.0625px;\">0<\/td>\n<\/tr>\n<tr>\n<td style=\"width: 194px;\">F\u00edsica ***<\/td>\n<td style=\"width: 71.0156px;\">0<\/td>\n<td style=\"width: 71.0312px;\">76<\/td>\n<td style=\"width: 71.0156px;\">0<\/td>\n<td style=\"width: 71.0625px;\">76<\/td>\n<\/tr>\n<tr>\n<td style=\"width: 194px;\">Filosof\u00eda y psicolog\u00eda<\/td>\n<td style=\"width: 71.0156px;\">114<\/td>\n<td style=\"width: 71.0312px;\">114<\/td>\n<td style=\"width: 71.0156px;\">114<\/td>\n<td style=\"width: 71.0625px;\">114<\/td>\n<td style=\"width: 71.0156px;\">3<\/td>\n<td style=\"width: 71.0312px;\">3<\/td>\n<td style=\"width: 71.0156px;\">3<\/td>\n<td style=\"width: 71.1875px;\">3<\/td>\n<\/tr>\n<tr>\n<td style=\"width: 194px;\">Total tiempo m\u00ednimo formaci\u00f3n general<\/td>\n<td style=\"width: 71.0156px;\">\n<p><strong>\u00a0<\/strong><\/p>\n<p>1026<\/td>\n<td style=\"width: 71.0312px;\">\n<p><strong>\u00a0<\/strong><\/p>\n<p>1026<\/td>\n<td style=\"width: 71.0156px;\">\n<p><strong>\u00a0<\/strong><\/p>\n<p>1026<\/td>\n<td style=\"width: 71.0625px;\">\n<p><strong>\u00a0<\/strong><\/p>\n<p>1026<\/td>\n<td style=\"width: 71.0156px;\">\n<p><strong>\u00a0<\/strong><\/p>\n<p>27<\/td>\n<td style=\"width: 71.0312px;\">\n<p><strong>\u00a0<\/strong><\/p>\n<p>27<\/td>\n<td style=\"width: 71.0156px;\">\n<p><strong>\u00a0<\/strong><\/p>\n<p>27<\/td>\n<td style=\"width: 71.1875px;\">\n<p><strong>\u00a0<\/strong><\/p>\n<p>27<\/td>\n<\/tr>\n<tr>\n<td style=\"width: 136.625px;\"><strong>Formaci\u00f3n <\/strong><strong>Diferenciada<\/strong><\/td>\n<td style=\"width: 194px;\">Total tiempo m\u00ednimo de formaci\u00f3n diferenciada****<\/td>\n<td style=\"width: 71.0156px;\">\n<p><strong>\u00a0<\/strong><\/p>\n<p>342<\/td>\n<td style=\"width: 71.0312px;\">\n<p><strong>\u00a0<\/strong><\/p>\n<p>342<\/td>\n<td style=\"width: 71.0156px;\">\n<p><strong>\u00a0<\/strong><\/p>\n<p>342<\/td>\n<td style=\"width: 71.0625px;\">\n<p><strong>\u00a0<\/strong><\/p>\n<p>342<\/td>\n<td style=\"width: 71.0156px;\">\n<p><strong>\u00a0<\/strong><\/p>\n<p>9<\/td>\n<td style=\"width: 71.0312px;\">\n<p><strong>\u00a0<\/strong><\/p>\n<p>9<\/td>\n<td style=\"width: 71.0156px;\">\n<p><strong>\u00a0<\/strong><\/p>\n<p>9<\/td>\n<td style=\"width: 71.1875px;\">\n<p><strong>\u00a0<\/strong><\/p>\n<p>9<\/td>\n<\/tr>\n<tr>\n<td style=\"width: 136.625px;\" rowspan=\"2\"><\/td>\n<td style=\"width: 194px;\">Horas de libre disposici\u00f3n<\/td>\n<td style=\"width: 71.0156px;\">228<\/td>\n<td style=\"width: 71.0312px;\">228<\/td>\n<td style=\"width: 71.0156px;\">0<\/td>\n<td style=\"width: 71.0625px;\">0<\/td>\n<td style=\"width: 71.0156px;\">6<\/td>\n<td style=\"width: 71.0312px;\">6<\/td>\n<td style=\"width: 71.0156px;\">0<\/td>\n<td style=\"width: 71.1875px;\">0<\/td>\n<\/tr>\n<tr>\n<td style=\"width: 194px;\">Total tiempo m\u00ednimo<\/td>\n<td style=\"width: 71.0156px;\">1596<\/td>\n<td style=\"width: 71.0312px;\">1596<\/td>\n<td style=\"width: 71.0156px;\">1368<\/td>\n<td style=\"width: 71.0625px;\">1368<\/td>\n<td style=\"width: 71.0156px;\">42<\/td>\n<td style=\"width: 71.0312px;\">42<\/td>\n<td style=\"width: 71.0156px;\">36<\/td>\n<td style=\"width: 71.1875px;\">36<\/td>\n<\/tr>\n<\/tbody>\n<\/table>\n<p>*Los estudiantes deben escoger entre los Artes Visuales y Artes Musicales.<\/p>\n<p>**Los establecimientos deben impartir el subsector Religi\u00f3n, pero para los estudiantes es optativo cursarlo.<\/p>\n<p>***Los estudiantes podr\u00e1n escoger dos de los tres subsectores de las Ciencias Naturales.<\/p>\n<p>****Todo plan diferenciado debe considerar un m\u00ednimo de dos y un m\u00e1ximo de cuatro especializaciones<\/p>\n","protected":false},"excerpt":{"rendered":"<p>3\u00b0 y 4\u00b0 Medio Formaci\u00f3n General y Diferenciada Human\u00edstico-Cient\u00edfica \u00a0 \u00a0 Plan de Estudio 3\u00b0 y 4\u00b0 medio Horas anuales Horas semanales Human\u00edstico-Cient\u00edfica Con JEC Sin JEC Con JEC Sin JEC \u00a0 Asignatura 3\u00b0 medio 4\u00b0 medio 3\u00b0 medio 4\u00b0 medio 3\u00b0 medio 4\u00b0 medio 3\u00b0 medio 4\u00b0 medio \u00a0 \u00a0 \u00a0 \u00a0 \u00a0 \u00a0 [&hellip;]<\/p>\n","protected":false},"author":1,"featured_media":0,"parent":0,"menu_order":0,"comment_status":"closed","ping_status":"closed","template":"","meta":[],"_links":{"self":[{"href":"https:\/\/heinrich.cl\/ggh2\/wp-json\/wp\/v2\/pages\/955"}],"collection":[{"href":"https:\/\/heinrich.cl\/ggh2\/wp-json\/wp\/v2\/pages"}],"about":[{"href":"https:\/\/heinrich.cl\/ggh2\/wp-json\/wp\/v2\/types\/page"}],"author":[{"embeddable":true,"href":"https:\/\/heinrich.cl\/ggh2\/wp-json\/wp\/v2\/users\/1"}],"replies":[{"embeddable":true,"href":"https:\/\/heinrich.cl\/ggh2\/wp-json\/wp\/v2\/comments?post=955"}],"version-history":[{"count":6,"href":"https:\/\/heinrich.cl\/ggh2\/wp-json\/wp\/v2\/pages\/955\/revisions"}],"predecessor-version":[{"id":6776,"href":"https:\/\/heinrich.cl\/ggh2\/wp-json\/wp\/v2\/pages\/955\/revisions\/6776"}],"wp:attachment":[{"href":"https:\/\/heinrich.cl\/ggh2\/wp-json\/wp\/v2\/media?parent=955"}],"curies":[{"name":"wp","href":"https:\/\/api.w.org\/{rel}","templated":true}]}}