{"id":8698,"date":"2025-10-16T11:42:09","date_gmt":"2025-10-16T11:42:09","guid":{"rendered":"https:\/\/heinrich.cl\/ggh2\/?page_id=8698"},"modified":"2025-10-22T12:38:50","modified_gmt":"2025-10-22T12:38:50","slug":"cuarta-reunion","status":"publish","type":"page","link":"https:\/\/heinrich.cl\/ggh2\/cuarta-reunion\/","title":{"rendered":"Cuarta Reunion"},"content":{"rendered":"<p>&nbsp;<\/p>\n<p style=\"text-align: center;\"><strong>CENTRO EDUCACIONAL PROFESOR GUILLERMO GONZ\u00c1LEZ HEINRICH RBD: 9194-4<\/strong><\/p>\n<p style=\"text-align: center;\">\u201cLlegar\u00e1s a ser lo que logres aprender\u201d<\/p>\n<p style=\"text-align: center;\">\n<p style=\"text-align: center;\">CIRCULAR N\u00b04<\/p>\n<h1 style=\"text-align: center;\">REUNI\u00d3N DE PADRES Y APODERADOS<\/h1>\n<p><strong>Mi\u00e9rcoles 15 octubre de 2025<\/strong><\/p>\n<h1>I.- DIRECCION<\/h1>\n<p><strong>\u00a0<\/strong><\/p>\n<p><strong>\u00a0<\/strong><\/p>\n<p>Estimados padres y apoderados nos encontramos en el tercer y \u00faltimo trimestre de este a\u00f1o escolar, el cual se encuentra con una agenda bastante estrecha tanto por actividades programadas desde el MINEDUC, como es , la aplicaci\u00f3n de la prueba SIMCE (8to b\u00e1sico y 2dos a\u00f1os medio ) y las actividades propias de nuestro cronograma institucional, con las evaluaciones formativas y sumativas, insertas en nuestro Reglamento de Evaluaci\u00f3n.<\/p>\n<p>&nbsp;<\/p>\n<p>Para ello es fundamental la asistencia a clases regularmente, respetando la hora de ingreso, la participaci\u00f3n activa en las actividades dise\u00f1adas para evaluar los aprendizajes y el compromiso de generar un ambiente propicio para que la buena convivencia escolar permita el desarrollo de las clases, en un ambiente adecuado para el aprendizaje, de respeto y empat\u00eda mutua.<\/p>\n<p>&nbsp;<\/p>\n<p>En este per\u00edodo del a\u00f1o escolar, se hace fundamental el compromiso y responsabilidad de las familias para que sus hijos e hijas cumplan con la asistencia solicitada y los deberes acad\u00e9micos programados. Nuestro establecimiento educacional en concordancia con el decreto de evaluaci\u00f3n N\u00ba 67 de 2018 sigue vigente para los estudiantes que no han obtenido un logro satisfactorio de sus aprendizajes, reflejado en sus evaluaciones y con incidencia en su promoci\u00f3n un para ello se ha dise\u00f1ado un <strong>Plan de reforzamiento pedag\u00f3gico, en jornada contraria al horario de su plan de estudios y obligatorio para quienes han obtenido un rendimiento deficiente donde su promoci\u00f3n pueda verse afectada.<\/strong><\/p>\n<p><strong>\u00a0<\/strong><\/p>\n<h2>El estudiante y el apoderado deben solicitar y concertar un horario mediante un formato establecido para ello, en forma oportuna de tal manera que puedan calendarizar en el reforzamiento y su posterior evaluaci\u00f3n.<\/h2>\n<p><strong>\u00a0<\/strong><\/p>\n<p>En este per\u00edodo del a\u00f1o nos acercamos al t\u00e9rmino de la vida escolar de nuestros cuartos medios a quienes invitamos a mantener al d\u00eda sus evaluaciones y organizar sus tiempos para que con tranquilidad puedan disfrutar de sus \u00faltimos 21 d\u00edas de escuela, a\u00fan es tiempo de hacerse cargo de los promedios deficientes y mantener una buena asistencia para poder contar con todos en su licenciatura.<\/p>\n<p>&nbsp;<\/p>\n<h1>II.-UNIDAD TECNICO PEDAGOGICA:<\/h1>\n<p><strong>\u00a0<\/strong><\/p>\n<p><strong>CUMPLIR CON EL PLAN DE ESTUDIOS<\/strong><\/p>\n<p><strong>\u00a0<\/strong><\/p>\n<p><strong>\u00a0<\/strong><\/p>\n<p><u>Este a\u00f1o 2025, se han otorgado m\u00faltiples facilidades para que los estudiantes<\/u> <u>desarrollen su proceso de aprendizaje y de evaluaci\u00f3n<\/u>.( Adecuaciones curriculares, ajustes curriculares, calendarios, adecuaciones por solicitud m\u00e9dica, etc.)<\/p>\n<p>Por ello, es fundamental que los estudiantes que se encuentran pendientes en alguna de sus asignaturas regularicen su situaci\u00f3n a la brevedad posible, \u00e9ste es el momento de mejorar, ya que en noviembre e inicios de diciembre, del proceso acad\u00e9mico se encontrar\u00e1 finalizado, para los IV a\u00f1os medios y de 5\u00ba a\u00f1o b\u00e1sico a III medio, respectivamente seg\u00fan calendario escolar.<\/p>\n<p>Es importante destacar que los estudiantes que por diversas razones, se ausentaron de clases informando y justificando en inspector\u00eda general, como lo establece el conducto regular, tengan la <u>iniciativa de comunicarse con sus<\/u> <u>profesores y establecer fechas para rendir estas evaluaciones pendientes.<\/u><\/p>\n<p>Es muy importante para dar buen t\u00e9rmino al a\u00f1o escolar, cumplir rigurosamente con los plazos establecidos y asumir las responsabilidades correspondientes, estudiantes y familia.<\/p>\n<p>&nbsp;<\/p>\n<p>1.- SIMCE 2025<\/p>\n<p>Simce forma parte de las evaluaciones que se aplican en Chile, definidas en el Plan de Evaluaciones Nacionales e Internacionales, y corresponde a una medici\u00f3n estandarizada anual que responden todas y todos los estudiantes del pa\u00eds en los niveles evaluados.<\/p>\n<p>Su objetivo es conocer los resultados educativos de los establecimientos, evaluando el logro de los contenidos y habilidades del Curr\u00edculum Nacional, con pruebas en diferentes asignaturas o \u00e1reas de aprendizaje. Tambi\u00e9n recoge informaci\u00f3n sobre el contexto educativo a trav\u00e9s de cuestionarios que responden directores(as), docentes, estudiantes, padres, madres y apoderados, de modo de analizar los resultados en forma integral.<\/p>\n<p>&nbsp;<\/p>\n<p><strong>El ingreso a clases en ambos SIMCE es en horario habitual: 07:45 horas<\/strong><\/p>\n<p><strong>\u00a0<\/strong><\/p>\n<p><strong>\u00a0<\/strong><\/p>\n<table>\n<tbody>\n<tr>\n<td colspan=\"4\" width=\"622\">\n<p><strong>HORA DE INICIO CADA PRUEBA 09:00 horas<\/strong><\/p>\n<p><strong>8<sup>avo<\/sup> a\u00f1o b\u00e1sico<\/strong><\/td>\n<\/tr>\n<tr>\n<td width=\"104\"><strong>D\u00eda<\/strong><strong>\u00a0\u00a0\u00a0 22\u00a0\u00a0\u00a0 de Octubre<\/strong><\/td>\n<td width=\"73\">09 : 00<\/td>\n<td width=\"227\">Prueba de Matem\u00e1tica<\/td>\n<td width=\"217\">\n<p>M\u00ednimo: 45 minutos<\/p>\n<p>M\u00e1ximo: 90 minutos<\/td>\n<\/tr>\n<tr>\n<td colspan=\"2\" rowspan=\"2\" width=\"177\">&nbsp;<\/td>\n<td width=\"227\">\n<p>Recreo: desde el \u00faltimo que<\/p>\n<p>abandona la sala<\/td>\n<td width=\"217\">15 minutos<\/td>\n<\/tr>\n<tr>\n<td width=\"227\">Cuestionario del estudiante<\/td>\n<td width=\"217\">\n<p>M\u00ednimo: 20 minutos<\/p>\n<p>M\u00e1ximo: 90 minutos<\/td>\n<\/tr>\n<tr>\n<td width=\"104\"><strong>D\u00eda<\/strong><strong>\u00a0\u00a0\u00a0 23\u00a0\u00a0\u00a0 de Octubre<\/strong><\/td>\n<td width=\"73\">09 : 00<\/td>\n<td width=\"227\">Prueba\u00a0\u00a0\u00a0\u00a0\u00a0 de\u00a0\u00a0\u00a0\u00a0\u00a0 Lenguaje\u00a0\u00a0\u00a0\u00a0 y comunicaci\u00f3n: Lectura<\/td>\n<td width=\"217\">\n<p>M\u00ednimo: 45 minutos<\/p>\n<p>M\u00e1ximo: 90 minutos<\/td>\n<\/tr>\n<tr>\n<td colspan=\"2\" rowspan=\"2\" width=\"177\">&nbsp;<\/td>\n<td width=\"227\">\n<p>Recreo: desde el \u00faltimo que<\/p>\n<p>abandona la sala<\/td>\n<td width=\"217\">15 minutos<\/td>\n<\/tr>\n<tr>\n<td width=\"227\">Prueba de Historia, geograf\u00eda y Cs. Sociales<\/td>\n<td width=\"217\">\n<p>M\u00ednimo: 45 minutos<\/p>\n<p>M\u00e1ximo: 90 minutos<\/td>\n<\/tr>\n<\/tbody>\n<\/table>\n<p><strong>\u00a0<\/strong><\/p>\n<p><strong>\u00a0<\/strong><\/p>\n<p><strong>\u00a0<\/strong><\/p>\n<p><strong>\u00a0<\/strong><\/p>\n<table>\n<tbody>\n<tr>\n<td colspan=\"4\" width=\"612\">\n<p><strong>HORA DE INICIO CADA PRUEBA 09:00 horas<\/strong><\/p>\n<p><strong>II a\u00f1o medio<\/strong><\/td>\n<\/tr>\n<tr>\n<td width=\"112\"><strong>D\u00eda<\/strong><strong>\u00a0\u00a0\u00a0\u00a0\u00a0 11\u00a0\u00a0\u00a0 de Noviembre<\/strong><\/td>\n<td width=\"65\">09 : 00<\/td>\n<td width=\"217\">Prueba de Matem\u00e1tica<\/td>\n<td width=\"217\">\n<p>M\u00ednimo: 45 minutos<\/p>\n<p>M\u00e1ximo: 90 minutos<\/td>\n<\/tr>\n<tr>\n<td colspan=\"2\" rowspan=\"2\" width=\"177\">&nbsp;<\/td>\n<td width=\"217\">\n<p>Recreo: desde el \u00faltimo que<\/p>\n<p>abandona la sala<\/td>\n<td width=\"217\">15 minutos<\/td>\n<\/tr>\n<tr>\n<td width=\"217\">Cuestionario del estudiante<\/td>\n<td width=\"217\">\n<p>M\u00ednimo: 20 minutos<\/p>\n<p>M\u00e1ximo: 60 minutos<\/td>\n<\/tr>\n<tr>\n<td width=\"112\"><strong>D\u00eda<\/strong><strong>\u00a0\u00a0\u00a0\u00a0\u00a0 12\u00a0\u00a0\u00a0 de Noviembre<\/strong><\/td>\n<td width=\"65\">09 : 00<\/td>\n<td width=\"217\">Prueba\u00a0\u00a0\u00a0\u00a0 de\u00a0\u00a0\u00a0\u00a0 Lenguaje\u00a0\u00a0\u00a0 y comunicaci\u00f3n: Lectura<\/td>\n<td width=\"217\">\n<p>M\u00ednimo: 45 minutos<\/p>\n<p>M\u00e1ximo: 90 minutos<\/td>\n<\/tr>\n<tr>\n<td width=\"112\">&nbsp;<\/td>\n<td width=\"65\">&nbsp;<\/td>\n<td width=\"217\">\n<p>Recreo: desde el \u00faltimo que<\/p>\n<p>abandona la sala<\/td>\n<td width=\"217\">15 minutos<\/td>\n<\/tr>\n<tr>\n<td width=\"112\">&nbsp;<\/td>\n<td width=\"65\">&nbsp;<\/td>\n<td width=\"217\">Prueba\u00a0\u00a0\u00a0\u00a0\u00a0 de\u00a0\u00a0\u00a0\u00a0\u00a0 Lengua\u00a0\u00a0\u00a0\u00a0 y literatura : Lectura<\/td>\n<td width=\"217\">\n<p>M\u00ednimo: 45 minutos<\/p>\n<p>M\u00e1ximo: 90 minutos<\/td>\n<\/tr>\n<\/tbody>\n<\/table>\n<p>&nbsp;<\/p>\n<ol>\n<li><strong>A) NORMATIVA DE PROMOCI\u00d3N VIGENTE : Decreto N\u00b0 67 de 2018<\/strong><\/li>\n<\/ol>\n<p><strong>\u00a0<\/strong><\/p>\n<p><strong>\u00a0<\/strong><\/p>\n<table>\n<tbody>\n<tr>\n<td width=\"150\"><strong>Decreto<\/strong><\/td>\n<td width=\"430\"><strong>Normativa de Promoci\u00f3n para 5\u00b0 B\u00e1sico a 4\u00b0 Medios<\/strong><\/td>\n<\/tr>\n<tr>\n<td width=\"150\">\n<p>67\/2018<\/p>\n<p>Todos\u00a0\u00a0\u00a0\u00a0\u00a0 los niveles<\/td>\n<td width=\"430\">\n<p>1.\u00a0\u00a0\u00a0 <strong>Respecto del logro de los objetivos, ser\u00e1n promovidos los alumnos que:<\/strong><\/p>\n<p><strong>\u00a0<\/strong><\/p>\n<p>a)\u00a0\u00a0\u00a0 Hubieren aprobado todas las asignaturas o m\u00f3dulos de sus respectivos planes de estudio.<\/p>\n<p>b)\u00a0\u00a0\u00a0 Habiendo reprobado una asignatura o un m\u00f3dulo y su promedio final anual sea como m\u00ednimo un 4.5, incluyendo la asignatura o el m\u00f3dulo no aprobado.<\/p>\n<p>c)\u00a0\u00a0\u00a0 Habiendo reprobado dos asignaturas o dos m\u00f3dulos o bien una asignatura y un m\u00f3dulo y su promedio final anual sea como m\u00ednimo un 5.0, incluidas las Asignaturas o m\u00f3dulos no aprobados.<\/p>\n<p><strong>\u00a0<\/strong><\/p>\n<p>2.\u00a0\u00a0 <strong>En relaci\u00f3n con la asistencia a clases, ser\u00e1n promovidos los alumnos que tengan un porcentaje igual o superior al 85% de asistencia durante el a\u00f1o<\/strong><\/p>\n<p><strong>escolar.<\/strong><\/td>\n<\/tr>\n<\/tbody>\n<\/table>\n<p><strong>\u00a0<\/strong><\/p>\n<h1>ACTIVIDADES FECHAS\/ PERIODOS PLAZOS APLICACI\u00d3N PAES 2025<\/h1>\n<p>.<\/p>\n<p>&nbsp;<\/p>\n<table>\n<tbody>\n<tr>\n<td width=\"98\"><strong>Horario<\/strong><\/td>\n<td width=\"170\">\n<p><strong>Lunes de diciembre<\/strong><\/p>\n<p><strong>de 2025<\/strong><\/td>\n<td width=\"168\">\n<p><strong>Martes 2 de<\/strong><\/p>\n<p><strong>diciembre de 2025<\/strong><\/td>\n<td width=\"168\">\n<p><strong>Mi\u00e9rcoles 3 de<\/strong><\/p>\n<p><strong>diciembre de 2025<\/strong><\/td>\n<\/tr>\n<tr>\n<td width=\"98\">09:00<\/td>\n<td width=\"170\">&nbsp;<\/td>\n<td width=\"168\">\n<p>Prueba competencia lectora<\/p>\n<p>(65 preguntas ,<\/p>\n<p>2hrs.y 30 minutos)<\/td>\n<td width=\"168\">Prueba de Competencia Matem\u00e1tica 1 (M1)<\/td>\n<\/tr>\n<tr>\n<td width=\"98\">\n<p>12:00 a<\/p>\n<p>13:00<\/td>\n<td width=\"170\">\n<p>Reconocimiento de<\/p>\n<p>salas<\/td>\n<td width=\"168\">&nbsp;<\/td>\n<td width=\"168\">&nbsp;<\/td>\n<\/tr>\n<tr>\n<td width=\"98\">15: 00<\/td>\n<td width=\"170\">\n<p>Prueba de Competencia Matem\u00e1tica 2 (M2)<\/p>\n<p>55 preguntas , 2 hrs.<\/p>\n<p>y 20 minutos)<\/td>\n<td width=\"168\">\n<p>Prueba electiva de Ciencias (80preguntas -54 modulo com\u00fan y 26 modulo electivo<\/p>\n<p>2hrs y 40 minutos)<\/td>\n<td width=\"168\">\n<p>Prueba electiva de Historia y Ciencias Sociales ( 65<\/p>\n<p>preguntas 2 hrs.)<\/td>\n<\/tr>\n<\/tbody>\n<\/table>\n<p>Mayor informaci\u00f3n: <a href=\"http:\/\/www.demre.cl\/\">www.demre.cl<\/a> * Todas las fechas importantes<\/p>\n<p>&nbsp;<\/p>\n<h1>CRONOGRAMA DE LOS PR\u00d3XIMOS D\u00cdAS<\/h1>\n<p><strong>\u00a0<\/strong><\/p>\n<p><strong>\u00a0<\/strong><\/p>\n<table>\n<tbody>\n<tr>\n<td width=\"264\">Actividad<\/td>\n<td width=\"142\">Fecha<\/td>\n<td width=\"196\">Horario<\/td>\n<\/tr>\n<tr>\n<td width=\"264\">\n<p>D\u00eda sin clases, recuperado por<\/p>\n<p>Celebraci\u00f3n del D\u00eda del Profesor y Asistente de la Educaci\u00f3n.<\/td>\n<td width=\"142\">20 de Octubre<\/td>\n<td width=\"196\">&#8212;&#8212;<\/td>\n<\/tr>\n<tr>\n<td width=\"264\">\n<p>TERMINO A\u00d1O LECTIVO 4\u00ba<\/p>\n<p>MEDIOS<\/td>\n<td width=\"142\">17 de Noviembre<\/td>\n<td width=\"196\">07: 45 &#8211; 14:00 horas<\/td>\n<\/tr>\n<tr>\n<td width=\"264\">\n<p>Entrega de Informes de Notas<\/p>\n<p>Anuales 4\u00ba medios<\/td>\n<td width=\"142\">20 de noviembre<\/td>\n<td width=\"196\">09: 00 \u2013 17: 00 horas<\/td>\n<\/tr>\n<tr>\n<td width=\"264\">\n<p>Ensayo de Licenciatura 4\u00ba a\u00f1o<\/p>\n<p>medio<\/td>\n<td width=\"142\">4 De Diciembre<\/td>\n<td width=\"196\">09:00 horas<\/td>\n<\/tr>\n<tr>\n<td width=\"264\">\n<p>Ensayo de Licenciatura 8\u00ba a\u00f1o<\/p>\n<p>b\u00e1sico<\/td>\n<td width=\"142\">05 De Diciembre<\/td>\n<td width=\"196\">09:30 horas<\/td>\n<\/tr>\n<tr>\n<td width=\"264\">Periodo de Matriculas<\/td>\n<td width=\"142\">\n<p>09 al 23 de<\/p>\n<p>Diciembre<\/td>\n<td width=\"196\">09:00- 15:00 horas<\/td>\n<\/tr>\n<tr>\n<td width=\"264\">Termino del a\u00f1o lectivo de 5\u00babasico a 3\u00ba medio<\/td>\n<td width=\"142\">\n<p><strong>\u00a0<\/strong><\/p>\n<p>11 de Diciembre<\/td>\n<td width=\"196\">&nbsp;<\/td>\n<\/tr>\n<tr>\n<td width=\"264\">Licenciatura IV a\u00f1o medio<\/td>\n<td width=\"142\">\n<p><strong>\u00a0<\/strong><\/p>\n<p>11 de Diciembre<\/td>\n<td width=\"196\">\n<p>Cuarto a\u00f1o A y B 09:00 horas<\/p>\n<p><strong>\u00a0<\/strong><\/p>\n<p>Cuarto a\u00f1o C y D 11:00 horas<\/td>\n<\/tr>\n<tr>\n<td width=\"264\">\n<p>Licenciatura 8vo a\u00f1o b\u00e1sico<\/p>\n<p><strong>\u00a0<\/strong><\/p>\n<p><strong>\u00a0<\/strong><\/p>\n<p><strong>\u00a0<\/strong><\/p>\n<p><strong>\u00a0<\/strong><\/p>\n<p><strong>\u00a0<\/strong><\/p>\n<p>Concierto Navide\u00f1o<\/td>\n<td width=\"142\">\n<p><strong>\u00a0<\/strong><\/p>\n<p><strong>\u00a0<\/strong><\/p>\n<p><strong>\u00a0<\/strong><\/p>\n<p>12 De Diciembre<\/td>\n<td width=\"196\">\n<p>09 : 00 horas<\/p>\n<p><strong>\u00a0<\/strong><\/p>\n<p><strong>\u00a0<\/strong><\/p>\n<p><strong>\u00a0<\/strong><\/p>\n<p><strong>\u00a0<\/strong><\/p>\n<p><strong>\u00a0<\/strong><\/p>\n<p><strong>\u00a0<\/strong><\/p>\n<p>11:00 horas<\/td>\n<\/tr>\n<tr>\n<td width=\"264\">\n<p>Entrega de Informes de Notas<\/p>\n<p>Anuales (Cada profesor Jefe)<\/td>\n<td width=\"142\">22 de Diciembre<\/td>\n<td width=\"196\">9:00 a 12:00 horas<\/td>\n<\/tr>\n<\/tbody>\n<\/table>\n<p>&nbsp;<\/p>\n<p><strong>\u00a0<\/strong><\/p>\n<p><strong>VINCULACION CON EL MEDIO<\/strong><\/p>\n<p><strong>\u00a0<\/strong><\/p>\n<p><strong>\u00a0<\/strong><\/p>\n<table>\n<tbody>\n<tr>\n<td width=\"313\"><strong>ACTIVIDAD<\/strong><\/td>\n<td width=\"169\"><strong>FECHA<\/strong><\/td>\n<\/tr>\n<tr>\n<td width=\"313\">\n<p>4\u00ba medios : CHARLA TALENTO UC<\/p>\n<p>V\u00cdAS ESPECIALES<\/td>\n<td width=\"169\">02 de Septiembre<\/td>\n<\/tr>\n<tr>\n<td width=\"313\">\n<p>Presentaci\u00f3n Feria de Educacion Superior en el establecimiento \u201cPanoramia\u201d 24 casas de estudios<\/p>\n<p>superiores<\/td>\n<td width=\"169\">23 de Septiembre<\/td>\n<\/tr>\n<tr>\n<td width=\"313\">\n<p>4\u00ba Medios visitan: Sal\u00f3n de Orientaci\u00f3n<\/p>\n<p>Alternativas Acad\u00e9micas ,SIAD<\/td>\n<td width=\"169\">26 de septiembre<\/td>\n<\/tr>\n<tr>\n<td width=\"313\">\n<p>Charla : GROOMING<\/p>\n<p>CARABINEROS DE CHILE \/ PSIC\u00d3LOGO<\/p>\n<p>5\u00ba y 6\u00ba b\u00e1sico<\/td>\n<td width=\"169\">8 de Octubre<\/td>\n<\/tr>\n<tr>\n<td width=\"313\">\n<p>Charla Municipalidad de \u00d1u\u00f1oa<\/p>\n<p>Ley de tr\u00e1nsito y licencia de conducir 3eros Medios<\/td>\n<td width=\"169\">9 de Octubre<\/td>\n<\/tr>\n<tr>\n<td width=\"313\">\n<p>4tos MEDIOS Acompa\u00f1amiento FUAS<\/p>\n<p>Expositor : UNAB<\/td>\n<td width=\"169\">9 de octubre<\/td>\n<\/tr>\n<\/tbody>\n<\/table>\n<p><strong>\u00a0<\/strong><\/p>\n<p>III.- <strong>INSPECTOR\u00cdA GENERAL<\/strong><\/p>\n<p><strong>\u00a0<\/strong><\/p>\n<p><strong>\u00a0<\/strong><\/p>\n<p>Estimados Padres y\/o Apoderados solicitamos su apoyo desde el hogar en cuanto al cumplimiento de algunos aspectos del Reglamento Interno:<\/p>\n<ol>\n<li>Asistencia es Las y los estudiantes para promover deber\u00e1n contar con una <strong>asistencia superior o igual al 85%, <\/strong>quienes est\u00e9n bajo de este porcentaje deben sus apoderados acercarse a la oficina de Inspector\u00eda General para firmar acta de posible repitencia. Aquellos apoderados que se han acercado omitir esta citaci\u00f3n. Para que su pupilo\/a no quede atrasado en el proceso de ense\u00f1anza aprendizaje, preocuparse y ocuparse que las ausencias solo sean en caso de emergencia. Justificar a tiempo las ausencias.<\/li>\n<\/ol>\n<p>&nbsp;<\/p>\n<ol start=\"2\">\n<li>La puntualidad es un h\u00e1bito que se forma desde el hogar. La jornada de la ma\u00f1ana inicia a las 07:45hrs. El colegio tiene abierta sus puertas desde las 07:00hrs. Cada 3 atrasos el apoderado deber\u00e1 asistir a justificarlo.<\/li>\n<li>Presentaci\u00f3n personal y uniforme. Recordar que el clima mejora es por ello que los y las estudiantes deben asistir con <strong>la polera Institucional<\/strong>, <strong>pantal\u00f3n de tela varones plomo o gris y damas azul marino. El poleron, chaleco o casaca debe ser de color negro o azul marino sin estampado<\/strong>. <strong>Otras vestimentas, no corresponden<\/strong>. Preocuparse y ocuparse de la higiene personal, varones afeitados.<\/li>\n<li>Es deber de los apoderados mantener actualizados los datos de contacto: Celular, correo electr\u00f3nico en la oficina de Inspector\u00eda General.<\/li>\n<li>Responder los llamados telef\u00f3nicos, correos electr\u00f3nicos que se realicen desde el<\/li>\n<li>En cuanto a los objetos que portan los y las estudiantes que no tienen relaci\u00f3n con el quehacer educativo es responsabilidad de quienes lo portan. El colegio no se hace responsable en caso de p\u00e9rdida o hurto.<\/li>\n<\/ol>\n<p>&nbsp;<\/p>\n<h1>IV.- CONVIVENCIA ESCOLAR 1.- TALLERES<\/h1>\n<p>Se informa que entre Octubre y Noviembre se realizar\u00e1n talleres (Psic\u00f3logo) desde <strong>5\u00ba B\u00e1sico a III\u00ba Medio, tema \u201cAUTOESTIMA\u201d<\/strong>, las fechas y cursos confirmados hasta ahora, son los siguientes:<\/p>\n<p>&nbsp;<\/p>\n<table>\n<tbody>\n<tr>\n<td width=\"161\"><strong>DIA<\/strong><\/td>\n<td width=\"236\"><strong>CURSO<\/strong><\/td>\n<\/tr>\n<tr>\n<td width=\"161\">33 de Octubre<\/td>\n<td width=\"236\">6\u00ba B\u00e1sico<\/td>\n<\/tr>\n<tr>\n<td width=\"161\">15 de Octubre<\/td>\n<td width=\"236\">5\u00ba B\u00e1sico y 2\u00ba Medio B<\/td>\n<\/tr>\n<tr>\n<td width=\"161\">16 de Octubre<\/td>\n<td width=\"236\">3\u00baB<\/td>\n<\/tr>\n<tr>\n<td width=\"161\">17 de Octubre<\/td>\n<td width=\"236\">1\u00baA<\/td>\n<\/tr>\n<tr>\n<td width=\"161\">23 de Octubre<\/td>\n<td width=\"236\">2\u00baA<\/td>\n<\/tr>\n<tr>\n<td width=\"161\">27 de Octubre<\/td>\n<td width=\"236\">8\u00baB Y 1\u00baD<\/td>\n<\/tr>\n<tr>\n<td width=\"161\">30 de Octubre<\/td>\n<td width=\"236\">4\u00baD<\/td>\n<\/tr>\n<\/tbody>\n<\/table>\n<p>&nbsp;<\/p>\n<h1>2.- ENCUESTA DE VULNERABILIDAD 2025 (QUINTO B\u00c1SICO Y PRIMEROS MEDIOS) JUNAEB<\/h1>\n<p><strong>\u00a0<\/strong><\/p>\n<p>Se solicita recordar nuevamente a los padres, madres y\/o apoderados de <strong>5<\/strong><strong>to <\/strong><strong>B\u00e1sico <\/strong>y <strong>1<\/strong><strong>ros <\/strong><strong>medios <\/strong>que el primer plazo para completar la <strong>Encuesta de Vulnerabilidad de la JUNAEB <\/strong>fue el 13 de septiembre<strong>.<\/strong><\/p>\n<p><strong>RECORDAR<\/strong> que el Objetivo de la medici\u00f3n es:<\/p>\n<ul>\n<li>Apoyar diversos procesos de toma de decisiones referidas al dise\u00f1o, aplicaci\u00f3n y evaluaci\u00f3n de la oferta de servicios y beneficios que aporta JUNAEB al desarrollo del proceso escolar de los estudiantes.<\/li>\n<li>Aportar con informaci\u00f3n relevante para el desarrollo de pol\u00edticas p\u00fablicas dirigidas a ni\u00f1os, ni\u00f1as y j\u00f3venes implementadas por distintos<\/li>\n<\/ul>\n<p>El ingreso debe hacerse en el link: <strong>https:\/\/encuestasapoderado.junaeb.cl\/ <\/strong>utilizando el <strong>RUN del\/la estudiante <\/strong>y una <strong>clave de acceso <\/strong>gen\u00e9rica correspondiente a los <strong>4 primeros d\u00edgitos del RUN.<\/strong><\/p>\n<table>\n<tbody>\n<tr>\n<td width=\"239\"><\/td>\n<\/tr>\n<tr>\n<td><\/td>\n<td><\/td>\n<\/tr>\n<\/tbody>\n<\/table>\n<p><strong>\u00a0<\/strong><\/p>\n<p><strong>\u00daLTIMO PLAZO <\/strong>para contestar la encuesta es el d\u00eda <strong>20 de OCTUBRE del 2025.<\/strong><\/p>\n<table>\n<tbody>\n<tr>\n<td width=\"74\"><\/td>\n<\/tr>\n<tr>\n<td><\/td>\n<td><\/td>\n<\/tr>\n<\/tbody>\n<\/table>\n<p><strong>\u00a0<\/strong><\/p>\n<h2><u>OBSERVACI\u00d3N<\/u>: Finalizado el plazo, cada profesor(a) jefe registrar\u00e1 observaci\u00f3n en la hoja de estudiante que \u201cApoderado No Contest\u00f3 la Encuesta Vulnerabilidad 2025\u201d.<\/h2>\n<p><strong>\u00a0<\/strong><\/p>\n<p><strong>\u00a0<\/strong>EQUIPO DIRECTIVO<\/p>\n<p><strong>\u00a0<\/strong><\/p>\n<p><strong>\u00a0<\/strong><\/p>\n<p><strong>\u00a0<\/strong><\/p>\n<p>&nbsp;<\/p>\n","protected":false},"excerpt":{"rendered":"<p>&nbsp; CENTRO EDUCACIONAL PROFESOR GUILLERMO GONZ\u00c1LEZ HEINRICH RBD: 9194-4 \u201cLlegar\u00e1s a ser lo que logres aprender\u201d CIRCULAR N\u00b04 REUNI\u00d3N DE PADRES Y APODERADOS Mi\u00e9rcoles 15 octubre de 2025 I.- DIRECCION \u00a0 \u00a0 Estimados padres y apoderados nos encontramos en el tercer y \u00faltimo trimestre de este a\u00f1o escolar, el cual se encuentra con una agenda [&hellip;]<\/p>\n","protected":false},"author":3,"featured_media":0,"parent":0,"menu_order":0,"comment_status":"closed","ping_status":"closed","template":"","meta":[],"_links":{"self":[{"href":"https:\/\/heinrich.cl\/ggh2\/wp-json\/wp\/v2\/pages\/8698"}],"collection":[{"href":"https:\/\/heinrich.cl\/ggh2\/wp-json\/wp\/v2\/pages"}],"about":[{"href":"https:\/\/heinrich.cl\/ggh2\/wp-json\/wp\/v2\/types\/page"}],"author":[{"embeddable":true,"href":"https:\/\/heinrich.cl\/ggh2\/wp-json\/wp\/v2\/users\/3"}],"replies":[{"embeddable":true,"href":"https:\/\/heinrich.cl\/ggh2\/wp-json\/wp\/v2\/comments?post=8698"}],"version-history":[{"count":4,"href":"https:\/\/heinrich.cl\/ggh2\/wp-json\/wp\/v2\/pages\/8698\/revisions"}],"predecessor-version":[{"id":8702,"href":"https:\/\/heinrich.cl\/ggh2\/wp-json\/wp\/v2\/pages\/8698\/revisions\/8702"}],"wp:attachment":[{"href":"https:\/\/heinrich.cl\/ggh2\/wp-json\/wp\/v2\/media?parent=8698"}],"curies":[{"name":"wp","href":"https:\/\/api.w.org\/{rel}","templated":true}]}}