{"id":8,"date":"2013-02-13T21:43:29","date_gmt":"2013-02-13T21:43:29","guid":{"rendered":"http:\/\/heinrich.cl\/ggh2\/?page_id=8"},"modified":"2017-01-16T01:46:25","modified_gmt":"2017-01-16T01:46:25","slug":"contabilidad","status":"publish","type":"page","link":"https:\/\/heinrich.cl\/ggh2\/especialidades\/contabilidad\/","title":{"rendered":"Contabilidad"},"content":{"rendered":"<h1>Contabilidad<\/h1>\n<p><img loading=\"lazy\" class=\"alignnone size-full wp-image-193\" title=\"contabilidad\" src=\"http:\/\/heinrich.cl\/ggh2\/wp-content\/uploads\/2013\/02\/contabilidad.png\" alt=\"\" width=\"524\" height=\"159\" \/><\/p>\n<p>La especialidad de Contabilidad preparar T\u00e9cnicos de Nivel Medio capaces de gestionar y tramitar documentos contables de las Empresas tanto a nivel nacional como internacional.<\/p>\n<h2>Objetivos de Aprendizaje\u00a0de la Especialidad:<\/h2>\n<p>Al egreso de la Educaci\u00f3n Media T\u00e9cnico-Profesional, los estudiantes habr\u00e1n desarrollado las siguientes competencias:<\/p>\n<ul>\n<li>Leer y utilizar informaci\u00f3n contable sobre la marcha de la empresa, de acuerdo a las normas internacionales de contabilidad y a la legislaci\u00f3n tributaria vigente.<\/li>\n<li>Procesar informaci\u00f3n contable sobre la marcha de la empresa, utilizando los sistemas contables de uso frecuente en las empresas y los correspondientes software de la especialidad: cuadrar registros de auxiliares, estructurar plan de cuentas, realizar los asientos de apertura, preparar los an\u00e1lisis de cuentas, participar en la elaboraci\u00f3n de balances, efectuar controles de existencia, manejo de efectivo, arqueos de caja, pago de facturas, control de inventarios, control de activo fijo y correcci\u00f3n monetaria, considerando las normas internacionales de contabilidad (NIC) y de informaci\u00f3n financiera (NIIF).<\/li>\n<li>Realizar llenado, tramitaci\u00f3n y registro de documentaci\u00f3n contable, nacional e internacional, de materias tributarias de una empresa, de acuerdo a la legislaci\u00f3n vigente y a las normas internacionales de contabilidad, utilizando los formularios apropiados.<\/li>\n<li>Registrar hechos econ\u00f3micos u operaciones de comercio nacional e internacional, ordenados cronol\u00f3gicamente, en libros y sistemas contables, elaborando los asientos de ajuste y saldos contables correspondientes de una empresa.<\/li>\n<li>Comunicar y presentar informaci\u00f3n contable b\u00e1sica para usos internos de la empresa, considerando t\u00e9cnicas y formatos establecidos de presentaci\u00f3n de la informaci\u00f3n.<\/li>\n<li>Organizar y ordenar el lugar de trabajo, de acuerdo a t\u00e9cnicas y procedimientos que permitan disponer y recuperar informaci\u00f3n y\/u objetos de manera oportuna para el desarrollo de las tareas.<\/li>\n<li>Atender a clientes internos y externos de la empresa, de acuerdo a sus necesidades y demandas, aplicando t\u00e9cnicas de relaciones p\u00fablicas, de comunicaci\u00f3n oral y escrita, en forma presencial o a distancia, v\u00eda tel\u00e9fono, fax, correo electr\u00f3nico u otro medio<\/li>\n<\/ul>\n<h2>\u00a0Contexto laboral de la especialidad<\/h2>\n<p>Contabilidad es la actividad que se encarga de estudiar, medir y registrar sistem\u00e1ticamente el patrimonio de las organizaciones, empresas e individuos, con el fin de servir en la toma de decisiones y control. Las actividades contables son particularmente intensas en tres sectores:<\/p>\n<ol>\n<li>Sector de intermediaci\u00f3n financiera. Este sistema financiero es un conjunto de instituciones o entidades que ofrecen servicios tales como ingresar y rentabilizar el dinero, y acciones de financiamiento de diferentes tipos de proyectos.<\/li>\n<li>Sector empresarial. Aqu\u00ed se integran actividades como contabilidad, asesor\u00eda contable, y tributaria.<\/li>\n<li>Sector de administraci\u00f3n p\u00fablica, donde la actividad se refiere a llevar el control y gestionar el patrimonio p\u00fablico de recursos disponibles (materiales, econ\u00f3micos, financieros y humanos) en el \u00e1mbito p\u00fablico y privado..<\/li>\n<\/ol>\n<p><img loading=\"lazy\" class=\"alignnone size-full wp-image-918\" src=\"http:\/\/heinrich.cl\/ggh2\/wp-content\/uploads\/2013\/02\/contabilidad-1.png\" alt=\"\" width=\"725\" height=\"819\" srcset=\"https:\/\/heinrich.cl\/ggh2\/wp-content\/uploads\/2013\/02\/contabilidad-1.png 725w, https:\/\/heinrich.cl\/ggh2\/wp-content\/uploads\/2013\/02\/contabilidad-1-266x300.png 266w\" sizes=\"(max-width: 725px) 100vw, 725px\" \/><\/p>\n","protected":false},"excerpt":{"rendered":"<p>Contabilidad La especialidad de Contabilidad preparar T\u00e9cnicos de Nivel Medio capaces de gestionar y tramitar documentos contables de las Empresas tanto a nivel nacional como internacional. Objetivos de Aprendizaje\u00a0de la Especialidad: Al egreso de la Educaci\u00f3n Media T\u00e9cnico-Profesional, los estudiantes habr\u00e1n desarrollado las siguientes competencias: Leer y utilizar informaci\u00f3n contable sobre la marcha de la [&hellip;]<\/p>\n","protected":false},"author":1,"featured_media":0,"parent":22,"menu_order":0,"comment_status":"open","ping_status":"open","template":"page-full.php","meta":[],"_links":{"self":[{"href":"https:\/\/heinrich.cl\/ggh2\/wp-json\/wp\/v2\/pages\/8"}],"collection":[{"href":"https:\/\/heinrich.cl\/ggh2\/wp-json\/wp\/v2\/pages"}],"about":[{"href":"https:\/\/heinrich.cl\/ggh2\/wp-json\/wp\/v2\/types\/page"}],"author":[{"embeddable":true,"href":"https:\/\/heinrich.cl\/ggh2\/wp-json\/wp\/v2\/users\/1"}],"replies":[{"embeddable":true,"href":"https:\/\/heinrich.cl\/ggh2\/wp-json\/wp\/v2\/comments?post=8"}],"version-history":[{"count":14,"href":"https:\/\/heinrich.cl\/ggh2\/wp-json\/wp\/v2\/pages\/8\/revisions"}],"predecessor-version":[{"id":919,"href":"https:\/\/heinrich.cl\/ggh2\/wp-json\/wp\/v2\/pages\/8\/revisions\/919"}],"up":[{"embeddable":true,"href":"https:\/\/heinrich.cl\/ggh2\/wp-json\/wp\/v2\/pages\/22"}],"wp:attachment":[{"href":"https:\/\/heinrich.cl\/ggh2\/wp-json\/wp\/v2\/media?parent=8"}],"curies":[{"name":"wp","href":"https:\/\/api.w.org\/{rel}","templated":true}]}}