{"id":294,"date":"2013-03-04T05:14:33","date_gmt":"2013-03-04T05:14:33","guid":{"rendered":"http:\/\/heinrich.cl\/ggh2\/?page_id=294"},"modified":"2025-05-15T17:01:24","modified_gmt":"2025-05-15T17:01:24","slug":"resena-historica","status":"publish","type":"page","link":"https:\/\/heinrich.cl\/ggh2\/incio\/nuestro-colegio\/resena-historica\/","title":{"rendered":"Rese\u00f1a Hist\u00f3rica"},"content":{"rendered":"<h1><\/h1>\n<p>&nbsp;<\/p>\n<p style=\"text-align: justify;\"><img loading=\"lazy\" class=\"alignleft size-full wp-image-307\" style=\"margin-left: 10px; margin-right: 10px;\" title=\"prof_guillermoG\" src=\"http:\/\/heinrich.cl\/ggh2\/wp-content\/uploads\/2013\/03\/prof_guillermoG.jpg\" alt=\"\" width=\"200\" height=\"200\" srcset=\"https:\/\/heinrich.cl\/ggh2\/wp-content\/uploads\/2013\/03\/prof_guillermoG.jpg 200w, https:\/\/heinrich.cl\/ggh2\/wp-content\/uploads\/2013\/03\/prof_guillermoG-150x150.jpg 150w, https:\/\/heinrich.cl\/ggh2\/wp-content\/uploads\/2013\/03\/prof_guillermoG-184x184.jpg 184w, https:\/\/heinrich.cl\/ggh2\/wp-content\/uploads\/2013\/03\/prof_guillermoG-188x188.jpg 188w, https:\/\/heinrich.cl\/ggh2\/wp-content\/uploads\/2013\/03\/prof_guillermoG-56x56.jpg 56w\" sizes=\"(max-width: 200px) 100vw, 200px\" \/>Guillermo Gonz\u00e1lez Heinrich es el padre de la fundadora y Directora del Establecimiento, se\u00f1ora Annette Gonz\u00e1lez Gonz\u00e1lez.\u00a0 Fue \u00e9l un educador que entreg\u00f3 sus mejores a\u00f1os\u00a0 de servicios en el centro educativo conocido como Ciudad del Ni\u00f1o \u201cPresidente Juan Antonio R\u00edos\u201d, donde se educaron en car\u00e1cter de internado, ni\u00f1os y j\u00f3venes de precarias condiciones socioecon\u00f3micas, provenientes de Santiago como de provincias.\u00a0 Los lemas que caracterizaron su af\u00e1n fueron \u201cLlegaras a ser lo que logres aprender\u201d y \u201cLo importante de la vida no es lo que t\u00fa tienes, sino lo que t\u00fa eres\u201d.<br \/>\nEl Colegio lleva su nombre con orgullo, como una forma de reconocer, valorar y resaltar los principios que guiaron su quehacer pedag\u00f3gico por el bien espiritual de la juventud a la que tanto ense\u00f1\u00f3. Postulado que enriqueci\u00f3 la se\u00f1ora Alicia Gonz\u00e1lez Opazo, esposa de don Guillermo Gonz\u00e1lez Heinrich y madre de Annette Alicia Gonz\u00e1lez Gonz\u00e1lez, quien junto a su familia y sus seres m\u00e1s queridos, prolonga esta labor de Servicio Educativo.<br \/>\nEl establecimiento nace Institucionalmente el 09 de Noviembre de 1981 mediante la resoluci\u00f3n N\u00ba17.770 del Ministerio de Educaci\u00f3n, que lo reconoce como Cooperador de la Tarea Educativa seg\u00fan la normativa vigente.\u00a0 Su nombre original fue \u201cLiceo Particular Cient\u00edfico Humanista Profesor Guillermo Gonz\u00e1lez Heinrich, la que posteriormente se amplia a la modalidad T\u00e9cnico Profesional (\u00c1rea Industrial) y a la Ense\u00f1anza General B\u00e1sica (desde el segundo ciclo),\u00a0\u00a0 con las caracter\u00edsticas de diurno, mixto.<br \/>\nEn sus inicios en el a\u00f1o 1981, el Centro Educacional Profesor Guillermo Gonz\u00e1lez Heinrich, comenz\u00f3 a impartir la especialidad de Mec\u00e1nica Automotriz.\u00a0 A partir del a\u00f1o 2001, ampl\u00eda su campo educativo a las especialidades de Electr\u00f3nica, Electricidad y Telecomunicaciones<br \/>\nAdem\u00e1s, mediante Resoluci\u00f3n N\u00b014.895 se le reconoce al \u201cInstituto Comercial Particular Profesor Guillermo Gonz\u00e1lez Heinrich N\u00b02,\u00a0 facultado tambi\u00e9n para impartir la Ense\u00f1anza Media\u00a0 y a la modalidad T\u00e9cnico Profesional. All\u00ed encontramos Especialidades de la Rama Comercial correspondiente al Sector Econ\u00f3mico de Administraci\u00f3n y Comercio (Ventas, Secretariado, Administraci\u00f3n y Contabilidad) y de la Rama T\u00e9cnica (Servicios de Turismo y Servicios de Alimentaci\u00f3n Colectiva) del sector econ\u00f3mico de Hoteler\u00eda y turismo y Alimentaci\u00f3n respectivamente, pasando a denominarse \u201cInstituto Polit\u00e9cnico Profesor Guillermo Gonz\u00e1lez Heinrich<\/p>\n","protected":false},"excerpt":{"rendered":"<p>&nbsp; Guillermo Gonz\u00e1lez Heinrich es el padre de la fundadora y Directora del Establecimiento, se\u00f1ora Annette Gonz\u00e1lez Gonz\u00e1lez.\u00a0 Fue \u00e9l un educador que entreg\u00f3 sus mejores a\u00f1os\u00a0 de servicios en el centro educativo conocido como Ciudad del Ni\u00f1o \u201cPresidente Juan Antonio R\u00edos\u201d, donde se educaron en car\u00e1cter de internado, ni\u00f1os y j\u00f3venes de precarias condiciones [&hellip;]<\/p>\n","protected":false},"author":1,"featured_media":0,"parent":236,"menu_order":0,"comment_status":"open","ping_status":"open","template":"","meta":[],"_links":{"self":[{"href":"https:\/\/heinrich.cl\/ggh2\/wp-json\/wp\/v2\/pages\/294"}],"collection":[{"href":"https:\/\/heinrich.cl\/ggh2\/wp-json\/wp\/v2\/pages"}],"about":[{"href":"https:\/\/heinrich.cl\/ggh2\/wp-json\/wp\/v2\/types\/page"}],"author":[{"embeddable":true,"href":"https:\/\/heinrich.cl\/ggh2\/wp-json\/wp\/v2\/users\/1"}],"replies":[{"embeddable":true,"href":"https:\/\/heinrich.cl\/ggh2\/wp-json\/wp\/v2\/comments?post=294"}],"version-history":[{"count":7,"href":"https:\/\/heinrich.cl\/ggh2\/wp-json\/wp\/v2\/pages\/294\/revisions"}],"predecessor-version":[{"id":8262,"href":"https:\/\/heinrich.cl\/ggh2\/wp-json\/wp\/v2\/pages\/294\/revisions\/8262"}],"up":[{"embeddable":true,"href":"https:\/\/heinrich.cl\/ggh2\/wp-json\/wp\/v2\/pages\/236"}],"wp:attachment":[{"href":"https:\/\/heinrich.cl\/ggh2\/wp-json\/wp\/v2\/media?parent=294"}],"curies":[{"name":"wp","href":"https:\/\/api.w.org\/{rel}","templated":true}]}}