{"id":20,"date":"2013-02-13T21:45:18","date_gmt":"2013-02-13T21:45:18","guid":{"rendered":"http:\/\/heinrich.cl\/ggh2\/?page_id=20"},"modified":"2017-01-16T02:27:22","modified_gmt":"2017-01-16T02:27:22","slug":"mecanica-automotriz","status":"publish","type":"page","link":"https:\/\/heinrich.cl\/ggh2\/especialidades\/mecanica-automotriz\/","title":{"rendered":"Mec\u00e1nica Automotriz"},"content":{"rendered":"<h1>Mec\u00e1nica Automotriz<\/h1>\n<p><img loading=\"lazy\" class=\"alignnone size-full wp-image-160\" title=\"mecanica\" src=\"http:\/\/heinrich.cl\/ggh2\/wp-content\/uploads\/2013\/02\/mecanica.png\" alt=\"\" width=\"524\" height=\"159\" \/><\/p>\n<h2>Contexto Laboral de Especialidad:<\/h2>\n<p>Chile no es un pa\u00eds productor y exportador de veh\u00edculos motorizados, por lo que el contexto\u00a0de esta especialidad es la empresa asociada a la mantenci\u00f3n y reparaci\u00f3n de un amplio mercado de veh\u00edculos importados, nuevos y usados. La expansi\u00f3n de la econom\u00eda y la confianza de los consumidores sustentan las cifras de un mercado automotriz que ha crecido sostenidamente durante mucho tiempo. Durante el a\u00f1o 2011 se vendieron 334 mil unidades, un crecimiento del 21%, respecto del a\u00f1o 201039. Este crecimiento tambi\u00e9n alcanza al rubro camiones y maquinaria pesada, por efecto del dinamismo que han tenido la miner\u00eda, la construcci\u00f3n, la industria forestal y el transporte, entre otros sectores. Consecuentemente, este crecimiento se ha visto reflejado en las ventas de las empresas de mantenci\u00f3n y reparaci\u00f3n de veh\u00edculos motorizados, as\u00ed como en la venta de repuestos y partes; en 2010, estas ventas crecieron 22,7% en el primer caso y 21,4% en el segundo, en comparaci\u00f3n con 2005.<\/p>\n<p>Se trata de un sector din\u00e1mico en cuanto a la b\u00fasqueda de diferenciaci\u00f3n y agregaci\u00f3n de valor a los veh\u00edculos motorizados, lo que implica una alta receptividad a la innovaci\u00f3n tecnol\u00f3gica.<\/p>\n<p>Al mismo tiempo, es un sector sometido a regulaciones cada vez m\u00e1s estrictas, en t\u00e9rminos de la seguridad y del cuidado del medio ambiente. Por ello, el t\u00e9cnico de nivel medio en\u00a0 Mec\u00e1nica Automotriz se desenvuelve en un contexto laboral muy activo, competitivo y tecnificado, el cual le exige un nivel de preparaci\u00f3n adecuado que le permita seguir aprendiendo de manera continua.<\/p>\n<h2>Campo Laboral:<\/h2>\n<p>Servicios t\u00e9cnicos, plantas de revisi\u00f3n t\u00e9cnica, venta de repuestos automotrices y talleres de reparaci\u00f3n de veh\u00edculos en general; creaci\u00f3n y gesti\u00f3n de microempresas de servicio t\u00e9cnico automotriz. Asistir en el diagn\u00f3stico de fallas, mantenimiento y reparaci\u00f3n b\u00e1sica de maquinaria de uso industrial con componentes automotrices, en los sectores productivos de miner\u00eda, transporte, construcci\u00f3n, portuario, pesca, forestal, agr\u00edcola, etc.<\/p>\n<h2>Productos Esperados:<\/h2>\n<p>Inspecci\u00f3n y diagn\u00f3stico de veh\u00edculos motorizados, incluyendo diagn\u00f3stico de fallos computacionales con esc\u00e1ner; mantenimiento programado, reparaciones mec\u00e1nicas y el\u00e9ctricas b\u00e1sicas, recambio de componentes, alineaci\u00f3n, balanceo de neum\u00e1ticos y\u00a0asistencia en ruta.<\/p>\n<p><img loading=\"lazy\" class=\"alignnone size-full wp-image-927\" src=\"http:\/\/heinrich.cl\/ggh2\/wp-content\/uploads\/2013\/02\/mecanica-1.png\" alt=\"\" width=\"729\" height=\"823\" srcset=\"https:\/\/heinrich.cl\/ggh2\/wp-content\/uploads\/2013\/02\/mecanica-1.png 729w, https:\/\/heinrich.cl\/ggh2\/wp-content\/uploads\/2013\/02\/mecanica-1-266x300.png 266w\" sizes=\"(max-width: 729px) 100vw, 729px\" \/><\/p>\n","protected":false},"excerpt":{"rendered":"<p>Mec\u00e1nica Automotriz Contexto Laboral de Especialidad: Chile no es un pa\u00eds productor y exportador de veh\u00edculos motorizados, por lo que el contexto\u00a0de esta especialidad es la empresa asociada a la mantenci\u00f3n y reparaci\u00f3n de un amplio mercado de veh\u00edculos importados, nuevos y usados. La expansi\u00f3n de la econom\u00eda y la confianza de los consumidores sustentan [&hellip;]<\/p>\n","protected":false},"author":1,"featured_media":0,"parent":22,"menu_order":0,"comment_status":"open","ping_status":"open","template":"page-full.php","meta":[],"_links":{"self":[{"href":"https:\/\/heinrich.cl\/ggh2\/wp-json\/wp\/v2\/pages\/20"}],"collection":[{"href":"https:\/\/heinrich.cl\/ggh2\/wp-json\/wp\/v2\/pages"}],"about":[{"href":"https:\/\/heinrich.cl\/ggh2\/wp-json\/wp\/v2\/types\/page"}],"author":[{"embeddable":true,"href":"https:\/\/heinrich.cl\/ggh2\/wp-json\/wp\/v2\/users\/1"}],"replies":[{"embeddable":true,"href":"https:\/\/heinrich.cl\/ggh2\/wp-json\/wp\/v2\/comments?post=20"}],"version-history":[{"count":11,"href":"https:\/\/heinrich.cl\/ggh2\/wp-json\/wp\/v2\/pages\/20\/revisions"}],"predecessor-version":[{"id":928,"href":"https:\/\/heinrich.cl\/ggh2\/wp-json\/wp\/v2\/pages\/20\/revisions\/928"}],"up":[{"embeddable":true,"href":"https:\/\/heinrich.cl\/ggh2\/wp-json\/wp\/v2\/pages\/22"}],"wp:attachment":[{"href":"https:\/\/heinrich.cl\/ggh2\/wp-json\/wp\/v2\/media?parent=20"}],"curies":[{"name":"wp","href":"https:\/\/api.w.org\/{rel}","templated":true}]}}