{"id":18,"date":"2013-02-13T21:45:06","date_gmt":"2013-02-13T21:45:06","guid":{"rendered":"http:\/\/heinrich.cl\/ggh2\/?page_id=18"},"modified":"2019-07-03T16:24:48","modified_gmt":"2019-07-03T16:24:48","slug":"cientifico-humanista","status":"publish","type":"page","link":"https:\/\/heinrich.cl\/ggh2\/especialidades\/cientifico-humanista\/","title":{"rendered":"Humanista Cient\u00edfico"},"content":{"rendered":"<h1>Humanista Cient\u00edfico<\/h1>\n<p><img loading=\"lazy\" class=\"alignnone size-full wp-image-148\" title=\"cientifico-humanista\" src=\"http:\/\/heinrich.cl\/ggh2\/wp-content\/uploads\/2013\/02\/cientifico-humanista.png\" alt=\"\" width=\"524\" height=\"159\" \/><\/p>\n<p>Los Objetivos Fundamentales y Contenidos M\u00ednimos Obligatorios (OF-CMO) de la Educaci\u00f3n Media han sido formulados por el Ministerio de Educaci\u00f3n h-c respondiendo a tres tipos de requerimientos:<\/p>\n<ul>\n<li>Las necesidades de actualizaci\u00f3n, reorientaci\u00f3n y enriquecimiento curriculares que se derivan de cambios acelerados en el conocimiento y en la sociedad, y del prop\u00f3sito de ofrecer a alumnos y alumnas unos conocimientos, unas habilidades y unas actitudes, relevantes para su vida como personas, ciudadanos y trabajadores, as\u00ed como para el desarrollo econ\u00f3mico, social y pol\u00edtico del pa\u00eds el logro de objetivos de mejoramiento de la calidad y la equidad de las oportunidades educativas.<\/li>\n<\/ul>\n<h2>Principios val\u00f3ricos<\/h2>\n<ul>\n<li>\u00a0El marco curricular se basa en los principios de la Constituci\u00f3n Pol\u00edtica, en la Ley Org\u00e1nica Constitucional de Ense\u00f1anza y en el ordenamiento jur\u00eddico de la Naci\u00f3n, as\u00ed como en la concepci\u00f3n antropol\u00f3gica y \u00e9tica que orienta la Declaraci\u00f3n Universal de los Derechos Humanos y que est\u00e1 presente en las grandes tradiciones espirituales del pa\u00eds<\/li>\n<li>\u00a0Los principios aludidos tienen por base la convicci\u00f3n fundamental de que los seres humanos nacen libres e iguales en dignidad y derechos y que la perfectibilidad inherente a la naturaleza humana se despliega en procesos de autoafirmaci\u00f3n personal y de b\u00fasqueda permanente de trascendencia, los que otorgan sentido a la existencia personal y colectiva. A la libertad que hace de cada individuo persona y sujeto de derechos y deberes, le es intr\u00ednseca la capacidad de razonar, discernir y valorar, fundamentos a su vez de la conducta moral y responsable.<\/li>\n<li>Todos los ni\u00f1os y j\u00f3venes, de ambos sexos, la posibilidad de desarrollarse como personas libres, con conciencia de su propia dignidad y como sujetos de derechos. Asimismo, la educaci\u00f3n debe contribuir a forjar en ellos el car\u00e1cter moral regido por el amor, la solidaridad, la tolerancia, la verdad, la justicia, la belleza, el sentido de nacionalidad y el af\u00e1n de trascendencia personal. En la visi\u00f3n compartida por la Comisi\u00f3n, el individualismo extremo, que podr\u00eda resultar de un ejercicio ilimitado de la libertad personal, es moderado por imperativos que brotan de un conjunto de valores que llevan a la persona a compartir con otros los frutos de una libertad que humaniza y se abre a las exigencias del bien com\u00fan.<\/li>\n<li>Car\u00e1cter polimodal que debe tener una proporci\u00f3n importante de la experiencia formativa que provee la Educaci\u00f3n Media: \u00e9sta debe ser relevante tanto para la formaci\u00f3n de la persona y del ciudadano, como para la prosecuci\u00f3n de estudios superiores y el desempe\u00f1o en actividades laborales. La orientaci\u00f3n gen\u00e9rica del conjunto de la experiencia educativa, que luego se define como Formaci\u00f3n General, es que ella sea relevante para la vida integral de alumnos y alumnas, con independencia de sus opciones de egreso.<\/li>\n<\/ul>\n<p>&nbsp;<\/p>\n<h3 style=\"text-align: left;\">\u00a0 \u00a0 \u00a0 \u00a0 \u00a0 \u00a0 \u00a0 \u00a0 \u00a0 \u00a0 \u00a0 \u00a0 \u00a0 \u00a0 \u00a0 \u00a0 HUMANISTA\u00a0 \u00a0 \u00a0 \u00a0 \u00a0 \u00a0 \u00a0 \u00a0 \u00a0 \u00a0 \u00a0 \u00a0 \u00a0 \u00a0 \u00a0 \u00a0 \u00a0 \u00a0 \u00a0 \u00a0 \u00a0 \u00a0 \u00a0 \u00a0 \u00a0 \u00a0 \u00a0 \u00a0 \u00a0 \u00a0 \u00a0 \u00a0 \u00a0 \u00a0 \u00a0 CIENTIFCO<\/h3>\n<p align=\"left\"><a href=\"http:\/\/heinrich.cl\/ggh2\/wp-content\/uploads\/2019\/07\/Page_0.jpg\"><img loading=\"lazy\" class=\"alignleft wp-image-2726\" src=\"http:\/\/heinrich.cl\/ggh2\/wp-content\/uploads\/2019\/07\/Page_0-622x1024.jpg\" alt=\"\" width=\"429\" height=\"707\" srcset=\"https:\/\/heinrich.cl\/ggh2\/wp-content\/uploads\/2019\/07\/Page_0-622x1024.jpg 622w, https:\/\/heinrich.cl\/ggh2\/wp-content\/uploads\/2019\/07\/Page_0-182x300.jpg 182w, https:\/\/heinrich.cl\/ggh2\/wp-content\/uploads\/2019\/07\/Page_0-768x1265.jpg 768w, https:\/\/heinrich.cl\/ggh2\/wp-content\/uploads\/2019\/07\/Page_0.jpg 816w\" sizes=\"(max-width: 429px) 100vw, 429px\" \/><\/a><a href=\"http:\/\/heinrich.cl\/ggh2\/wp-content\/uploads\/2019\/07\/Page_1.jpg\"><img loading=\"lazy\" class=\"alignnone wp-image-2727 \" src=\"http:\/\/heinrich.cl\/ggh2\/wp-content\/uploads\/2019\/07\/Page_1-622x1024.jpg\" alt=\"\" width=\"432\" height=\"712\" srcset=\"https:\/\/heinrich.cl\/ggh2\/wp-content\/uploads\/2019\/07\/Page_1-622x1024.jpg 622w, https:\/\/heinrich.cl\/ggh2\/wp-content\/uploads\/2019\/07\/Page_1-182x300.jpg 182w, https:\/\/heinrich.cl\/ggh2\/wp-content\/uploads\/2019\/07\/Page_1-768x1265.jpg 768w, https:\/\/heinrich.cl\/ggh2\/wp-content\/uploads\/2019\/07\/Page_1.jpg 816w\" sizes=\"(max-width: 432px) 100vw, 432px\" \/><\/a><\/p>\n","protected":false},"excerpt":{"rendered":"<p>Humanista Cient\u00edfico Los Objetivos Fundamentales y Contenidos M\u00ednimos Obligatorios (OF-CMO) de la Educaci\u00f3n Media han sido formulados por el Ministerio de Educaci\u00f3n h-c respondiendo a tres tipos de requerimientos: Las necesidades de actualizaci\u00f3n, reorientaci\u00f3n y enriquecimiento curriculares que se derivan de cambios acelerados en el conocimiento y en la sociedad, y del prop\u00f3sito de ofrecer [&hellip;]<\/p>\n","protected":false},"author":1,"featured_media":0,"parent":22,"menu_order":0,"comment_status":"open","ping_status":"open","template":"page-full.php","meta":[],"_links":{"self":[{"href":"https:\/\/heinrich.cl\/ggh2\/wp-json\/wp\/v2\/pages\/18"}],"collection":[{"href":"https:\/\/heinrich.cl\/ggh2\/wp-json\/wp\/v2\/pages"}],"about":[{"href":"https:\/\/heinrich.cl\/ggh2\/wp-json\/wp\/v2\/types\/page"}],"author":[{"embeddable":true,"href":"https:\/\/heinrich.cl\/ggh2\/wp-json\/wp\/v2\/users\/1"}],"replies":[{"embeddable":true,"href":"https:\/\/heinrich.cl\/ggh2\/wp-json\/wp\/v2\/comments?post=18"}],"version-history":[{"count":23,"href":"https:\/\/heinrich.cl\/ggh2\/wp-json\/wp\/v2\/pages\/18\/revisions"}],"predecessor-version":[{"id":2737,"href":"https:\/\/heinrich.cl\/ggh2\/wp-json\/wp\/v2\/pages\/18\/revisions\/2737"}],"up":[{"embeddable":true,"href":"https:\/\/heinrich.cl\/ggh2\/wp-json\/wp\/v2\/pages\/22"}],"wp:attachment":[{"href":"https:\/\/heinrich.cl\/ggh2\/wp-json\/wp\/v2\/media?parent=18"}],"curies":[{"name":"wp","href":"https:\/\/api.w.org\/{rel}","templated":true}]}}