{"id":941,"date":"2017-01-16T02:54:43","date_gmt":"2017-01-16T02:54:43","guid":{"rendered":"http:\/\/heinrich.cl\/ggh2\/?page_id=941"},"modified":"2023-08-03T19:57:07","modified_gmt":"2023-08-03T19:57:07","slug":"ensenanza-general-basica-5-to-a-8vo","status":"publish","type":"page","link":"http:\/\/heinrich.cl\/ggh2\/ensenanza-general-basica-5-to-a-8vo\/","title":{"rendered":"Ense\u00f1anza General B\u00e1sica ( 5 to a 8vo)"},"content":{"rendered":"<h2>Plan de estudio 5\u00b0 a 6\u00b0 b\u00e1sico.<\/h2>\n<table style=\"border-color: #e36f09;\">\n<tbody>\n<tr>\n<td width=\"256\">\n<p>&nbsp;<\/p>\n<p><strong>Plan de Estudio 5\u00b0y 6\u00b0 b\u00e1sico<\/strong><\/td>\n<td colspan=\"2\" width=\"151\">\n<p>&nbsp;<\/p>\n<p><strong>Horas anuales<\/strong><\/td>\n<td colspan=\"2\" width=\"142\">\n<p>&nbsp;<\/p>\n<p><strong>Horas semanales<\/strong><\/td>\n<\/tr>\n<tr>\n<td width=\"256\"><strong>Asignatura<\/strong><\/td>\n<td width=\"76\"><strong>Con JEC<\/strong><\/td>\n<td width=\"76\"><strong>Sin JEC<\/strong><\/td>\n<td width=\"66\"><strong>Con JEC<\/strong><\/td>\n<td width=\"76\"><strong>Sin JEC<\/strong><\/td>\n<\/tr>\n<tr>\n<td width=\"256\">Lenguaje y Comunicaci\u00f3n<\/td>\n<td width=\"76\">228<\/td>\n<td width=\"76\">228<\/td>\n<td width=\"66\">6<\/td>\n<td width=\"76\">6<\/td>\n<\/tr>\n<tr>\n<td width=\"256\">Matem\u00e1tica<\/td>\n<td width=\"76\">228<\/td>\n<td width=\"76\">228<\/td>\n<td width=\"66\">6<\/td>\n<td width=\"76\">6<\/td>\n<\/tr>\n<tr>\n<td width=\"256\">Historia, Geograf\u00eda y Ciencias Sociales<\/td>\n<td width=\"76\">152<\/td>\n<td width=\"76\">152<\/td>\n<td width=\"66\">4<\/td>\n<td width=\"76\">4<\/td>\n<\/tr>\n<tr>\n<td width=\"256\">Artes Visuales<\/td>\n<td width=\"76\">57<\/td>\n<td width=\"76\">38<\/td>\n<td width=\"66\">1,5<\/td>\n<td width=\"76\">1<\/td>\n<\/tr>\n<tr>\n<td width=\"256\">M\u00fasica<\/td>\n<td width=\"76\">57<\/td>\n<td width=\"76\">38<\/td>\n<td width=\"66\">1,5<\/td>\n<td width=\"76\">1<\/td>\n<\/tr>\n<tr>\n<td width=\"256\">Educaci\u00f3n F\u00edsica y Salud<\/td>\n<td width=\"76\">76<\/td>\n<td width=\"76\">76<\/td>\n<td width=\"66\">2<\/td>\n<td width=\"76\">2<\/td>\n<\/tr>\n<\/tbody>\n<\/table>\n<p>&nbsp;<\/p>\n<table>\n<tbody>\n<tr>\n<td width=\"256\">Orientaci\u00f3n<\/td>\n<td width=\"76\">38<\/td>\n<td width=\"76\">38<\/td>\n<td width=\"66\">1<\/td>\n<td width=\"76\">1<\/td>\n<\/tr>\n<tr>\n<td width=\"256\">Tecnolog\u00eda<\/td>\n<td width=\"76\">38<\/td>\n<td width=\"76\">38<\/td>\n<td width=\"66\">1<\/td>\n<td width=\"76\">1<\/td>\n<\/tr>\n<tr>\n<td width=\"256\">Religi\u00f3n<\/td>\n<td width=\"76\">76<\/td>\n<td width=\"76\">76<\/td>\n<td width=\"66\">2<\/td>\n<td width=\"76\">2<\/td>\n<\/tr>\n<tr>\n<td width=\"256\">Idioma Extranjero: Ingl\u00e9s<\/td>\n<td width=\"76\">114<\/td>\n<td width=\"76\">114<\/td>\n<td width=\"66\">3<\/td>\n<td width=\"76\">3<\/td>\n<\/tr>\n<tr>\n<td width=\"256\">Ciencias Naturales<\/td>\n<td width=\"76\">152<\/td>\n<td width=\"76\">114<\/td>\n<td width=\"66\">4<\/td>\n<td width=\"76\">3<\/td>\n<\/tr>\n<tr>\n<td width=\"256\">Sub total tiempo m\u00ednimo<\/td>\n<td width=\"76\">1216<\/td>\n<td width=\"76\">1140<\/td>\n<td width=\"66\">32<\/td>\n<td width=\"76\">30<\/td>\n<\/tr>\n<tr>\n<td width=\"256\">Horas de libre disposici\u00f3n<\/td>\n<td width=\"76\">228<\/td>\n<td width=\"76\">0<\/td>\n<td width=\"66\">6<\/td>\n<td width=\"76\">0<\/td>\n<\/tr>\n<tr>\n<td width=\"256\">Total tiempo m\u00ednimo<\/td>\n<td width=\"76\">1444<\/td>\n<td width=\"76\">1140<\/td>\n<td width=\"66\">38<\/td>\n<td width=\"76\">30<\/td>\n<\/tr>\n<\/tbody>\n<\/table>\n<ul>\n<li>Tabla construida en base a Decreto N\u00b0 2960 de 2012<\/li>\n<\/ul>\n<h1><u>7\u00b0 y 8\u00b0 B\u00e1sico<\/u><\/h1>\n<p><strong>\u00a0<\/strong><\/p>\n<table style=\"height: 450px;\">\n<tbody>\n<tr style=\"height: 112px;\">\n<td style=\"height: 112px;\" width=\"256\">\n<p><strong>\u00a0<\/strong><\/p>\n<p><strong>Plan de Estudio 7\u00b0 y 8\u00b0 B\u00e1sico<\/strong><\/td>\n<td style=\"height: 112px;\" colspan=\"2\" width=\"151\">\n<p><strong>\u00a0<\/strong><\/p>\n<p><strong>Horas anuales<\/strong><\/td>\n<td style=\"height: 112px;\" colspan=\"2\" width=\"142\">\n<p><strong>\u00a0<\/strong><\/p>\n<p><strong>Horas semanales<\/strong><\/td>\n<\/tr>\n<tr style=\"height: 24px;\">\n<td style=\"height: 24px;\" width=\"256\"><strong>Asignatura<\/strong><\/td>\n<td style=\"height: 24px;\" width=\"76\"><strong>Con JEC<\/strong><\/td>\n<td style=\"height: 24px;\" width=\"76\"><strong>Sin JEC<\/strong><\/td>\n<td style=\"height: 24px;\" width=\"76\"><strong>Con JEC<\/strong><\/td>\n<td style=\"height: 24px;\" width=\"66\"><strong>Sin JEC<\/strong><\/td>\n<\/tr>\n<tr style=\"height: 24px;\">\n<td style=\"height: 24px;\" width=\"256\">Lengua y Literatura<\/td>\n<td style=\"height: 24px;\" width=\"76\">228<\/td>\n<td style=\"height: 24px;\" width=\"76\">228<\/td>\n<td style=\"height: 24px;\" width=\"76\">6<\/td>\n<td style=\"height: 24px;\" width=\"66\">6<\/td>\n<\/tr>\n<tr style=\"height: 26px;\">\n<td style=\"height: 26px;\" width=\"256\">Matem\u00e1tica<\/td>\n<td style=\"height: 26px;\" width=\"76\">228<\/td>\n<td style=\"height: 26px;\" width=\"76\">228<\/td>\n<td style=\"height: 26px;\" width=\"76\">6<\/td>\n<td style=\"height: 26px;\" width=\"66\">6<\/td>\n<\/tr>\n<tr style=\"height: 24px;\">\n<td style=\"height: 24px;\" width=\"256\">Historia, Geograf\u00eda y Ciencias Sociales<\/td>\n<td style=\"height: 24px;\" width=\"76\">152<\/td>\n<td style=\"height: 24px;\" width=\"76\">152<\/td>\n<td style=\"height: 24px;\" width=\"76\">4<\/td>\n<td style=\"height: 24px;\" width=\"66\">4<\/td>\n<\/tr>\n<tr style=\"height: 24px;\">\n<td style=\"height: 24px;\" width=\"256\">Artes Visuales y M\u00fasica<\/td>\n<td style=\"height: 24px;\" width=\"76\">114<\/td>\n<td style=\"height: 24px;\" width=\"76\">76<\/td>\n<td style=\"height: 24px;\" width=\"76\">3<\/td>\n<td style=\"height: 24px;\" width=\"66\">2<\/td>\n<\/tr>\n<tr style=\"height: 24px;\">\n<td style=\"height: 24px;\" width=\"256\">Educaci\u00f3n F\u00edsica y Salud<\/td>\n<td style=\"height: 24px;\" width=\"76\">76<\/td>\n<td style=\"height: 24px;\" width=\"76\">76<\/td>\n<td style=\"height: 24px;\" width=\"76\">2<\/td>\n<td style=\"height: 24px;\" width=\"66\">2<\/td>\n<\/tr>\n<tr style=\"height: 24px;\">\n<td style=\"height: 24px;\" width=\"256\">Orientaci\u00f3n<\/td>\n<td style=\"height: 24px;\" width=\"76\">38<\/td>\n<td style=\"height: 24px;\" width=\"76\">38<\/td>\n<td style=\"height: 24px;\" width=\"76\">1<\/td>\n<td style=\"height: 24px;\" width=\"66\">1<\/td>\n<\/tr>\n<tr style=\"height: 24px;\">\n<td style=\"height: 24px;\" width=\"256\">Tecnolog\u00eda<\/td>\n<td style=\"height: 24px;\" width=\"76\">38<\/td>\n<td style=\"height: 24px;\" width=\"76\">38<\/td>\n<td style=\"height: 24px;\" width=\"76\">1<\/td>\n<td style=\"height: 24px;\" width=\"66\">1<\/td>\n<\/tr>\n<tr style=\"height: 24px;\">\n<td style=\"height: 24px;\" width=\"256\">Religi\u00f3n<\/td>\n<td style=\"height: 24px;\" width=\"76\">76<\/td>\n<td style=\"height: 24px;\" width=\"76\">76<\/td>\n<td style=\"height: 24px;\" width=\"76\">2<\/td>\n<td style=\"height: 24px;\" width=\"66\">2<\/td>\n<\/tr>\n<tr style=\"height: 24px;\">\n<td style=\"height: 24px;\" width=\"256\">Ingl\u00e9s<\/td>\n<td style=\"height: 24px;\" width=\"76\">114<\/td>\n<td style=\"height: 24px;\" width=\"76\">114<\/td>\n<td style=\"height: 24px;\" width=\"76\">3<\/td>\n<td style=\"height: 24px;\" width=\"66\">3<\/td>\n<\/tr>\n<tr style=\"height: 24px;\">\n<td style=\"height: 24px;\" width=\"256\">Ciencias Naturales<\/td>\n<td style=\"height: 24px;\" width=\"76\">152<\/td>\n<td style=\"height: 24px;\" width=\"76\">152<\/td>\n<td style=\"height: 24px;\" width=\"76\">4<\/td>\n<td style=\"height: 24px;\" width=\"66\">4<\/td>\n<\/tr>\n<tr style=\"height: 24px;\">\n<td style=\"height: 24px;\" width=\"256\">Sub total tiempo m\u00ednimo<\/td>\n<td style=\"height: 24px;\" width=\"76\">1216<\/td>\n<td style=\"height: 24px;\" width=\"76\">1178<\/td>\n<td style=\"height: 24px;\" width=\"76\">32<\/td>\n<td style=\"height: 24px;\" width=\"66\">31<\/td>\n<\/tr>\n<tr style=\"height: 24px;\">\n<td style=\"height: 24px;\" width=\"256\">Horas de libre disposici\u00f3n<\/td>\n<td style=\"height: 24px;\" width=\"76\">228<\/td>\n<td style=\"height: 24px;\" width=\"76\">76<\/td>\n<td style=\"height: 24px;\" width=\"76\">6<\/td>\n<td style=\"height: 24px;\" width=\"66\">2<\/td>\n<\/tr>\n<tr style=\"height: 24px;\">\n<td style=\"height: 24px;\" width=\"256\">Total tiempo m\u00ednimo<\/td>\n<td style=\"height: 24px;\" width=\"76\">1444<\/td>\n<td style=\"height: 24px;\" width=\"76\">1254<\/td>\n<td style=\"height: 24px;\" width=\"76\">38<\/td>\n<td style=\"height: 24px;\" width=\"66\">33<\/td>\n<\/tr>\n<\/tbody>\n<\/table>\n<ul>\n<li>Tabla construida en base a Decreto N\u00b0 628 y modificaci\u00f3n N\u00b0 1265 de 2016<\/li>\n<\/ul>\n","protected":false},"excerpt":{"rendered":"<p>Plan de estudio 5\u00b0 a 6\u00b0 b\u00e1sico. &nbsp; Plan de Estudio 5\u00b0y 6\u00b0 b\u00e1sico &nbsp; Horas anuales &nbsp; Horas semanales Asignatura Con JEC Sin JEC Con JEC Sin JEC Lenguaje y Comunicaci\u00f3n 228 228 6 6 Matem\u00e1tica 228 228 6 6 Historia, Geograf\u00eda y Ciencias Sociales 152 152 4 4 Artes Visuales 57 38 1,5 [&hellip;]<\/p>\n","protected":false},"author":1,"featured_media":0,"parent":0,"menu_order":0,"comment_status":"closed","ping_status":"closed","template":"","meta":[],"_links":{"self":[{"href":"http:\/\/heinrich.cl\/ggh2\/wp-json\/wp\/v2\/pages\/941"}],"collection":[{"href":"http:\/\/heinrich.cl\/ggh2\/wp-json\/wp\/v2\/pages"}],"about":[{"href":"http:\/\/heinrich.cl\/ggh2\/wp-json\/wp\/v2\/types\/page"}],"author":[{"embeddable":true,"href":"http:\/\/heinrich.cl\/ggh2\/wp-json\/wp\/v2\/users\/1"}],"replies":[{"embeddable":true,"href":"http:\/\/heinrich.cl\/ggh2\/wp-json\/wp\/v2\/comments?post=941"}],"version-history":[{"count":8,"href":"http:\/\/heinrich.cl\/ggh2\/wp-json\/wp\/v2\/pages\/941\/revisions"}],"predecessor-version":[{"id":6771,"href":"http:\/\/heinrich.cl\/ggh2\/wp-json\/wp\/v2\/pages\/941\/revisions\/6771"}],"wp:attachment":[{"href":"http:\/\/heinrich.cl\/ggh2\/wp-json\/wp\/v2\/media?parent=941"}],"curies":[{"name":"wp","href":"https:\/\/api.w.org\/{rel}","templated":true}]}}