{"id":825,"date":"2016-05-06T19:52:02","date_gmt":"2016-05-06T19:52:02","guid":{"rendered":"http:\/\/heinrich.cl\/ggh2\/?page_id=825"},"modified":"2016-05-09T14:30:44","modified_gmt":"2016-05-09T14:30:44","slug":"plan-integral-de-seguridad-escolar","status":"publish","type":"page","link":"http:\/\/heinrich.cl\/ggh2\/plan-integral-de-seguridad-escolar\/","title":{"rendered":"Plan Integral de Seguridad Escolar"},"content":{"rendered":"<p style=\"line-height: 18.0pt;\"><a href=\"http:\/\/heinrich.cl\/ggh2\/wp-content\/uploads\/2016\/05\/PLAN-INTEGRAL-DE-SEGURIDAD-ESCOLAR.pdf\" target=\"_blank\"><span style=\"font-family: 'Georgia',serif; color: #333333;\">DESCARGAR Plan \u00a0Integral De Seguridad Escolar<\/span><\/a><\/p>\n<p style=\"line-height: 18.0pt; orphans: auto; text-align: start; widows: 1; -webkit-text-stroke-width: 0px; word-spacing: 0px;\"><a href=\"http:\/\/heinrich.cl\/ggh2\/wp-content\/uploads\/2016\/05\/DIAGRAMA-DE-ACCION-EMERGENCIA-ESCOLAR.pdf\" target=\"_blank\"><span style=\"font-family: 'Georgia',serif; color: #333333;\">DESCARGAR Diagrama \u00a0De Acci\u00f3n Emergencia Escolar<\/span><\/a><\/p>\n<p style=\"line-height: 18.0pt; orphans: auto; text-align: start; widows: 1; -webkit-text-stroke-width: 0px; word-spacing: 0px;\"><a href=\"http:\/\/heinrich.cl\/ggh2\/wp-content\/uploads\/2016\/05\/COMIT\u00c9-DE-EMERGENCIA-DEL-COLEGIO-GUILLERMO-GONZALEZ-HEINRICH-1.pdf\" target=\"_blank\"><span style=\"font-family: 'Georgia',serif; color: #333333;\">DESCARGAR Comit\u00e9 De Emergencia Del Colegio Guillermo Gonz\u00e1lez Heinrich\u00a0<\/span><\/a><\/p>\n<p style=\"line-height: 18.0pt; orphans: auto; text-align: start; widows: 1; -webkit-text-stroke-width: 0px; word-spacing: 0px;\"><a href=\"http:\/\/heinrich.cl\/ggh2\/wp-content\/uploads\/2016\/05\/INSTRUCTIVO-DEL-SIMULACRO-1.pdf\" target=\"_blank\"><span style=\"font-family: 'Georgia',serif; color: #333333;\">DESCARGAR Instructivo Del Simulacro\u00a0<\/span><\/a><\/p>\n<p style=\"line-height: 18.0pt; orphans: auto; text-align: start; widows: 1; -webkit-text-stroke-width: 0px; word-spacing: 0px;\"><a href=\"http:\/\/heinrich.cl\/ggh2\/wp-content\/uploads\/2016\/05\/PLANO-De-SEGURIDAD-Y-EVACUACION-SEDE-DE-FORMACI\u00d3N-PROFESIONAL.pdf\" target=\"_blank\"><span style=\"font-family: 'Georgia',serif; color: #333333;\">DESCARGAR Plano De Seguridad Y Evacuaci\u00f3n Sede De Formaci\u00f3n Profesional<\/span><\/a><\/p>\n<p style=\"line-height: 18.0pt; orphans: auto; text-align: start; widows: 1; -webkit-text-stroke-width: 0px; word-spacing: 0px;\"><a href=\"http:\/\/heinrich.cl\/ggh2\/wp-content\/uploads\/2016\/05\/PLANO-DE-SEGURIDADYEVACUACION-SEDEFORMACIOINICIAL.pdf\" target=\"_blank\"><span style=\"font-family: 'Georgia',serif; color: #333333;\">DESCARGAR Plano \u00a0De \u00a0Seguridad Y Evacuaci\u00f3n \u00a0Sede Formaci\u00f3n Inicial<\/span><\/a><\/p>\n<p><a href=\"http:\/\/heinrich.cl\/ggh2\/wp-content\/uploads\/2016\/05\/PLANO-DE-SEGURIDADYEVACUACION-SEDEFORMACIOINICIAL.pdf\" target=\"_blank\">\u00a0<\/a><\/p>\n","protected":false},"excerpt":{"rendered":"<p>DESCARGAR Plan \u00a0Integral De Seguridad Escolar DESCARGAR Diagrama \u00a0De Acci\u00f3n Emergencia Escolar DESCARGAR Comit\u00e9 De Emergencia Del Colegio Guillermo Gonz\u00e1lez Heinrich\u00a0 DESCARGAR Instructivo Del Simulacro\u00a0 DESCARGAR Plano De Seguridad Y Evacuaci\u00f3n Sede De Formaci\u00f3n Profesional DESCARGAR Plano \u00a0De \u00a0Seguridad Y Evacuaci\u00f3n \u00a0Sede Formaci\u00f3n Inicial \u00a0<\/p>\n","protected":false},"author":1,"featured_media":0,"parent":0,"menu_order":0,"comment_status":"open","ping_status":"open","template":"","meta":[],"_links":{"self":[{"href":"http:\/\/heinrich.cl\/ggh2\/wp-json\/wp\/v2\/pages\/825"}],"collection":[{"href":"http:\/\/heinrich.cl\/ggh2\/wp-json\/wp\/v2\/pages"}],"about":[{"href":"http:\/\/heinrich.cl\/ggh2\/wp-json\/wp\/v2\/types\/page"}],"author":[{"embeddable":true,"href":"http:\/\/heinrich.cl\/ggh2\/wp-json\/wp\/v2\/users\/1"}],"replies":[{"embeddable":true,"href":"http:\/\/heinrich.cl\/ggh2\/wp-json\/wp\/v2\/comments?post=825"}],"version-history":[{"count":3,"href":"http:\/\/heinrich.cl\/ggh2\/wp-json\/wp\/v2\/pages\/825\/revisions"}],"predecessor-version":[{"id":844,"href":"http:\/\/heinrich.cl\/ggh2\/wp-json\/wp\/v2\/pages\/825\/revisions\/844"}],"wp:attachment":[{"href":"http:\/\/heinrich.cl\/ggh2\/wp-json\/wp\/v2\/media?parent=825"}],"curies":[{"name":"wp","href":"https:\/\/api.w.org\/{rel}","templated":true}]}}