{"id":6318,"date":"2021-11-10T14:20:37","date_gmt":"2021-11-10T14:20:37","guid":{"rendered":"http:\/\/heinrich.cl\/ggh2\/?page_id=6318"},"modified":"2021-11-10T14:41:25","modified_gmt":"2021-11-10T14:41:25","slug":"convenio","status":"publish","type":"page","link":"http:\/\/heinrich.cl\/ggh2\/convenio\/","title":{"rendered":"convenio"},"content":{"rendered":"<table style=\"width: 99.6006%; border-collapse: collapse; border-color: #ed8e09; background-color: #f5c147; height: 180px;\" border=\"1\">\n<tbody>\n<tr style=\"height: 75px;\">\n<td style=\"width: 100%; text-align: center; height: 75px;\">\n<h1><span style=\"color: #800000;\">CONVENIO 2021 <\/span><\/h1>\n<h1><span style=\"color: #800000;\">INSTITUTO PROFESIONAL DIEGO PORTALES<\/span><\/h1>\n<p><a href=\"http:\/\/heinrich.cl\/ggh2\/wp-content\/uploads\/2021\/11\/logoipdp.png\"><img loading=\"lazy\" class=\"alignnone size-medium wp-image-6330\" src=\"http:\/\/heinrich.cl\/ggh2\/wp-content\/uploads\/2021\/11\/logoipdp-300x89.png\" alt=\"\" width=\"300\" height=\"89\" srcset=\"http:\/\/heinrich.cl\/ggh2\/wp-content\/uploads\/2021\/11\/logoipdp-300x89.png 300w, http:\/\/heinrich.cl\/ggh2\/wp-content\/uploads\/2021\/11\/logoipdp.png 503w\" sizes=\"(max-width: 300px) 100vw, 300px\" \/><\/a><\/td>\n<\/tr>\n<\/tbody>\n<\/table>\n<h1><\/h1>\n<table style=\"width: 100%; border-collapse: collapse; border-color: #ed8e09; background-color: #f5c147;\" border=\"1\">\n<tbody>\n<tr>\n<td style=\"width: 100%;\"><a href=\"http:\/\/heinrich.cl\/ggh2\/wp-content\/uploads\/2021\/11\/WhatsApp-Image-2021-11-10-at-09.53.02.jpeg\"><img loading=\"lazy\" class=\" wp-image-6323 aligncenter\" src=\"http:\/\/heinrich.cl\/ggh2\/wp-content\/uploads\/2021\/11\/WhatsApp-Image-2021-11-10-at-09.53.02-300x225.jpeg\" alt=\"\" width=\"511\" height=\"383\" srcset=\"http:\/\/heinrich.cl\/ggh2\/wp-content\/uploads\/2021\/11\/WhatsApp-Image-2021-11-10-at-09.53.02-300x225.jpeg 300w, http:\/\/heinrich.cl\/ggh2\/wp-content\/uploads\/2021\/11\/WhatsApp-Image-2021-11-10-at-09.53.02-768x576.jpeg 768w, http:\/\/heinrich.cl\/ggh2\/wp-content\/uploads\/2021\/11\/WhatsApp-Image-2021-11-10-at-09.53.02.jpeg 1024w\" sizes=\"(max-width: 511px) 100vw, 511px\" \/><\/a><\/td>\n<\/tr>\n<\/tbody>\n<\/table>\n<p>&nbsp;<\/p>\n<table style=\"width: 100%; border-collapse: collapse; background-color: #f5c147;\" border=\"1\">\n<tbody>\n<tr>\n<td style=\"width: 100%;\">\n<h2><span style=\"color: #800000;\"><b><i>ESTUDIANTES<\/i><\/b><\/span><\/h2>\n<h4 style=\"text-align: center;\"><strong><em><span style=\"color: #000000;\">Para carreras profesionales dictadas en modalidad presencial (continuidad de estudios del estudiante)<\/span><\/em><\/strong><\/h4>\n<h4 style=\"text-align: center;\"><strong><em><span style=\"color: #000000;\">\u00a0 20 becas del 50%<\/span><\/em><\/strong><\/h4>\n<h4 style=\"text-align: center;\"><strong><em><span style=\"color: #000000;\">\u00a0 15 becas del 35%<\/span><\/em><\/strong><\/h4>\n<h4 style=\"text-align: center;\"><strong><em><span style=\"color: #000000;\">\u00a0 15 becas del 25%<\/span><\/em><\/strong><\/h4>\n<h4><strong><em>\u00a0\u00a0\u00a0\u00a0\u00a0\u00a0\u00a0\u00a0\u00a0\u00a0\u00a0\u00a0\u00a0\u00a0\u00a0\u00a0\u00a0\u00a0 <\/em><\/strong><\/h4>\n<h4 style=\"text-align: center;\"><span style=\"color: #000000;\"><strong><em>35% de descuento en aranceles de planes especiales de nivelaci\u00f3n, para optar a un t\u00edtulo de nivel superior<\/em><\/strong><\/span><\/h4>\n<h4 style=\"text-align: center;\"><i><span style=\"color: #333333;\">Las becas y descuentos por arancel son aplicables a nivel nacional en cualquiera de las sedes del Instituto Diego Portales (Concepci\u00f3n, Chill\u00e1n, \u00d1u\u00f1oa, El Bosque y Vi\u00f1a del mar)<\/span><br \/>\n<\/i><\/h4>\n<\/td>\n<\/tr>\n<\/tbody>\n<\/table>\n<p>&nbsp;<\/p>\n","protected":false},"excerpt":{"rendered":"<p>CONVENIO 2021 INSTITUTO PROFESIONAL DIEGO PORTALES &nbsp; ESTUDIANTES Para carreras profesionales dictadas en modalidad presencial (continuidad de estudios del estudiante) \u00a0 20 becas del 50% \u00a0 15 becas del 35% \u00a0 15 becas del 25% \u00a0\u00a0\u00a0\u00a0\u00a0\u00a0\u00a0\u00a0\u00a0\u00a0\u00a0\u00a0\u00a0\u00a0\u00a0\u00a0\u00a0\u00a0 35% de descuento en aranceles de planes especiales de nivelaci\u00f3n, para optar a un t\u00edtulo de nivel superior Las [&hellip;]<\/p>\n","protected":false},"author":3,"featured_media":0,"parent":0,"menu_order":0,"comment_status":"closed","ping_status":"closed","template":"","meta":[],"_links":{"self":[{"href":"http:\/\/heinrich.cl\/ggh2\/wp-json\/wp\/v2\/pages\/6318"}],"collection":[{"href":"http:\/\/heinrich.cl\/ggh2\/wp-json\/wp\/v2\/pages"}],"about":[{"href":"http:\/\/heinrich.cl\/ggh2\/wp-json\/wp\/v2\/types\/page"}],"author":[{"embeddable":true,"href":"http:\/\/heinrich.cl\/ggh2\/wp-json\/wp\/v2\/users\/3"}],"replies":[{"embeddable":true,"href":"http:\/\/heinrich.cl\/ggh2\/wp-json\/wp\/v2\/comments?post=6318"}],"version-history":[{"count":12,"href":"http:\/\/heinrich.cl\/ggh2\/wp-json\/wp\/v2\/pages\/6318\/revisions"}],"predecessor-version":[{"id":6334,"href":"http:\/\/heinrich.cl\/ggh2\/wp-json\/wp\/v2\/pages\/6318\/revisions\/6334"}],"wp:attachment":[{"href":"http:\/\/heinrich.cl\/ggh2\/wp-json\/wp\/v2\/media?parent=6318"}],"curies":[{"name":"wp","href":"https:\/\/api.w.org\/{rel}","templated":true}]}}