{"id":543,"date":"2013-05-15T21:15:43","date_gmt":"2013-05-15T21:15:43","guid":{"rendered":"http:\/\/heinrich.cl\/ggh2\/?page_id=543"},"modified":"2019-03-29T16:02:23","modified_gmt":"2019-03-29T16:02:23","slug":"cuenta-publica-2012-2013","status":"publish","type":"page","link":"http:\/\/heinrich.cl\/ggh2\/incio\/institucional\/cuenta-publica-2012-2013\/","title":{"rendered":"Cuenta Publica"},"content":{"rendered":"<h1><span style=\"color: #800000;\">Cuenta p\u00fablica 2018 &#8211; 2019<\/span><\/h1>\n<ul>\n<li><a href=\"http:\/\/heinrich.cl\/ggh2\/wp-content\/uploads\/2019\/03\/CUENTA-PUBLICA-2018-9194.pdf\" target=\"_blank\" rel=\"noopener noreferrer\">Cuenta Publica 9194<\/a><\/li>\n<li><a href=\"http:\/\/heinrich.cl\/ggh2\/wp-content\/uploads\/2019\/03\/cuenta-publia-2018-9159.pdf\" target=\"_blank\" rel=\"noopener noreferrer\">Cuenta Publica 9159<\/a><\/li>\n<\/ul>\n<h1>Cuenta p\u00fablica 2017 &#8211; 2018<\/h1>\n<ul>\n<li><a href=\"http:\/\/heinrich.cl\/ggh2\/wp-content\/uploads\/2018\/04\/cuenta-publica-2017-2018.pdf\" target=\"_blank\" rel=\"noopener noreferrer\">Cuenta Publica\u00a0 2017-2018\u00a0\u00a0 RBD 9159-6 Y 9194-4<\/a><\/li>\n<\/ul>\n<h1>Cuenta publica 2017<\/h1>\n<ul>\n<li><a href=\"http:\/\/heinrich.cl\/ggh2\/wp-content\/uploads\/2013\/05\/marzo-2017-Cuenta-Publica-9194.pdf\" target=\"_blank\" rel=\"noopener noreferrer\">marzo 2017 Cuenta Publica 9194<\/a><\/li>\n<li><a href=\"http:\/\/heinrich.cl\/ggh2\/wp-content\/uploads\/2013\/05\/marzo-2017-Cuenta-Publica-9159.pdf\" target=\"_blank\" rel=\"noopener noreferrer\">marzo 2017 Cuenta Publica 9159<\/a><\/li>\n<\/ul>\n<h1>Cuenta P\u00fablica 2016<\/h1>\n<p><a href=\"http:\/\/heinrich.cl\/ggh2\/wp-content\/uploads\/2016\/04\/02-04-2016.rar\"><strong>Descargar Cuenta P\u00fablica 2016 RBD<\/strong><\/a><\/p>\n<h1>Cuenta P\u00fablica 2015<\/h1>\n<p><strong><a href=\"http:\/\/heinrich.cl\/ggh2\/wp-content\/uploads\/2013\/05\/cuenta-pUblica-2015.pdf\">Descargar Cuenta P\u00fablica 2015<\/a><\/strong><\/p>\n<h1>Cuenta P\u00fablica 2013 -2014<\/h1>\n<p><strong><a href=\"http:\/\/heinrich.cl\/ggh2\/wp-content\/uploads\/2013\/05\/1-Pauta-de-Reuni\u00f3n-de-Apoderados-2014.pdf\" target=\"_blank\" rel=\"noopener noreferrer\">Descargar Cuenta P\u00fablica 2013-2014 RBD:9159-6 \/ RBD 9194-4<\/a><\/strong><\/p>\n<h1>Cuenta P\u00fablica 2012 -2013<\/h1>\n<p><strong><a href=\"http:\/\/heinrich.cl\/ggh2\/wp-content\/uploads\/2013\/05\/cuenta-publica-2012-2013-RBD-9159-6.pdf\" target=\"_blank\" rel=\"noopener noreferrer\">Descargar cuenta p\u00fablica a\u00f1os 2012 &#8211; 2013\u00a0 RBD 9159-6 PDF<\/a><\/strong><\/p>\n<p><strong><strong><a href=\"http:\/\/heinrich.cl\/ggh2\/wp-content\/uploads\/2013\/05\/cuenta-publica-2012-2013-RBD-9194-4.pdf\" target=\"_blank\" rel=\"noopener noreferrer\">Descargar cuenta publica a\u00f1os 2012 &#8211; 2013\u00a0\u00a0<strong>RBD 9194-4<\/strong> PDF<\/a><\/strong><\/strong><\/p>\n<p>&nbsp;<\/p>\n","protected":false},"excerpt":{"rendered":"<p>Cuenta p\u00fablica 2018 &#8211; 2019 Cuenta Publica 9194 Cuenta Publica 9159 Cuenta p\u00fablica 2017 &#8211; 2018 Cuenta Publica\u00a0 2017-2018\u00a0\u00a0 RBD 9159-6 Y 9194-4 Cuenta publica 2017 marzo 2017 Cuenta Publica 9194 marzo 2017 Cuenta Publica 9159 Cuenta P\u00fablica 2016 Descargar Cuenta P\u00fablica 2016 RBD Cuenta P\u00fablica 2015 Descargar Cuenta P\u00fablica 2015 Cuenta P\u00fablica 2013 -2014 [&hellip;]<\/p>\n","protected":false},"author":1,"featured_media":0,"parent":57,"menu_order":0,"comment_status":"open","ping_status":"open","template":"","meta":[],"_links":{"self":[{"href":"http:\/\/heinrich.cl\/ggh2\/wp-json\/wp\/v2\/pages\/543"}],"collection":[{"href":"http:\/\/heinrich.cl\/ggh2\/wp-json\/wp\/v2\/pages"}],"about":[{"href":"http:\/\/heinrich.cl\/ggh2\/wp-json\/wp\/v2\/types\/page"}],"author":[{"embeddable":true,"href":"http:\/\/heinrich.cl\/ggh2\/wp-json\/wp\/v2\/users\/1"}],"replies":[{"embeddable":true,"href":"http:\/\/heinrich.cl\/ggh2\/wp-json\/wp\/v2\/comments?post=543"}],"version-history":[{"count":19,"href":"http:\/\/heinrich.cl\/ggh2\/wp-json\/wp\/v2\/pages\/543\/revisions"}],"predecessor-version":[{"id":2189,"href":"http:\/\/heinrich.cl\/ggh2\/wp-json\/wp\/v2\/pages\/543\/revisions\/2189"}],"up":[{"embeddable":true,"href":"http:\/\/heinrich.cl\/ggh2\/wp-json\/wp\/v2\/pages\/57"}],"wp:attachment":[{"href":"http:\/\/heinrich.cl\/ggh2\/wp-json\/wp\/v2\/media?parent=543"}],"curies":[{"name":"wp","href":"https:\/\/api.w.org\/{rel}","templated":true}]}}