{"id":39,"date":"2013-02-13T21:52:59","date_gmt":"2013-02-13T21:52:59","guid":{"rendered":"http:\/\/heinrich.cl\/ggh2\/?page_id=39"},"modified":"2019-09-03T12:25:59","modified_gmt":"2019-09-03T12:25:59","slug":"contacto","status":"publish","type":"page","link":"http:\/\/heinrich.cl\/ggh2\/incio\/contacto\/","title":{"rendered":"Contacto"},"content":{"rendered":"<p>[vc_row full_width=\u00bbstretch_row_content\u00bb][vc_column][vc_column_text]<\/p>\n<h2 style=\"text-align: center;\"><\/h2>\n<h1 style=\"text-align: center;\"><em><span style=\"color: #800000;\">Sede \u00d1u\u00f1oa<\/span><\/em><\/h1>\n<h2 style=\"text-align: center;\"><span style=\"color: #800000;\">Avda. Jos\u00e9 Pedro Alessandri 295 &#8211; 356<\/span><\/h2>\n<p style=\"text-align: center;\"><strong><span style=\"color: #800000;\">Fono: (2)-2223 59 51 \u00a0\u00a0 &amp; \u00a0\u00a0 (2)- 2205 94 79<\/span>\u00a0<\/strong><\/p>\n<h2 style=\"text-align: center;\">E-mail: <span style=\"color: #ffffff;\"><a style=\"color: #ffffff;\" href=\"mailto:gghnuno@heinrich.c\">gghnunoa@heinrich.cl<\/a> \/<a style=\"color: #ffffff;\" href=\"ggh_utp@yahoo.com\"> ggh_utp@yahoo.com<\/a><\/span><\/h2>\n<p>&nbsp;<\/p>\n<p style=\"text-align: center;\"><iframe loading=\"lazy\" src=\"https:\/\/maps.google.cl\/maps?f=q&amp;source=s_q&amp;hl=es&amp;geocode=+&amp;q=Avda.+Jos%C3%A9+Pedro+Alessandri+295&amp;ie=UTF8&amp;hq=&amp;hnear=Jos%C3%A9+Pedro+Alessandri+295,+%C3%91u%C3%B1oa,+Santiago,+Regi%C3%B3n+Metropolitana&amp;ll=-33.457617,-70.597991&amp;spn=0.011386,0.022724&amp;t=m&amp;z=14&amp;output=embed\" width=\"670\" height=\"250\" frameborder=\"0\" marginwidth=\"0\" marginheight=\"0\" scrolling=\"no\"><\/iframe><\/p>\n<p>\u00a0[\/vc_column_text][\/vc_column][\/vc_row]<\/p>\n","protected":false},"excerpt":{"rendered":"<p>[vc_row full_width=\u00bbstretch_row_content\u00bb][vc_column][vc_column_text] Sede \u00d1u\u00f1oa Avda. Jos\u00e9 Pedro Alessandri 295 &#8211; 356 Fono: (2)-2223 59 51 \u00a0\u00a0 &amp; \u00a0\u00a0 (2)- 2205 94 79\u00a0 E-mail: gghnunoa@heinrich.cl \/ ggh_utp@yahoo.com &nbsp; \u00a0[\/vc_column_text][\/vc_column][\/vc_row]<\/p>\n","protected":false},"author":1,"featured_media":0,"parent":635,"menu_order":0,"comment_status":"open","ping_status":"open","template":"","meta":[],"_links":{"self":[{"href":"http:\/\/heinrich.cl\/ggh2\/wp-json\/wp\/v2\/pages\/39"}],"collection":[{"href":"http:\/\/heinrich.cl\/ggh2\/wp-json\/wp\/v2\/pages"}],"about":[{"href":"http:\/\/heinrich.cl\/ggh2\/wp-json\/wp\/v2\/types\/page"}],"author":[{"embeddable":true,"href":"http:\/\/heinrich.cl\/ggh2\/wp-json\/wp\/v2\/users\/1"}],"replies":[{"embeddable":true,"href":"http:\/\/heinrich.cl\/ggh2\/wp-json\/wp\/v2\/comments?post=39"}],"version-history":[{"count":23,"href":"http:\/\/heinrich.cl\/ggh2\/wp-json\/wp\/v2\/pages\/39\/revisions"}],"predecessor-version":[{"id":3388,"href":"http:\/\/heinrich.cl\/ggh2\/wp-json\/wp\/v2\/pages\/39\/revisions\/3388"}],"up":[{"embeddable":true,"href":"http:\/\/heinrich.cl\/ggh2\/wp-json\/wp\/v2\/pages\/635"}],"wp:attachment":[{"href":"http:\/\/heinrich.cl\/ggh2\/wp-json\/wp\/v2\/media?parent=39"}],"curies":[{"name":"wp","href":"https:\/\/api.w.org\/{rel}","templated":true}]}}