{"id":298,"date":"2013-03-04T05:15:40","date_gmt":"2013-03-04T05:15:40","guid":{"rendered":"http:\/\/heinrich.cl\/ggh2\/?page_id=298"},"modified":"2025-05-05T13:17:19","modified_gmt":"2025-05-05T13:17:19","slug":"mision-y-vision","status":"publish","type":"page","link":"http:\/\/heinrich.cl\/ggh2\/incio\/nuestro-colegio\/mision-y-vision\/","title":{"rendered":"Misi\u00f3n y Visi\u00f3n"},"content":{"rendered":"<div style=\"background-color: #063984;\">\n<h5 style=\"text-align: center;\"><\/h5>\n<h1 style=\"text-align: center;\"><em><span style=\"color: #1b0671;\">Misi\u00f3n, Visi\u00f3n y Sellos<\/span><\/em><\/h1>\n<h2><em><span style=\"color: #ffffff;\">Nuestra Misi\u00f3n<\/span><\/em><\/h2>\n<p style=\"text-align: justify;\"><em><span style=\"color: #ffffff;\"><img loading=\"lazy\" class=\"alignleft size-full wp-image-304\" style=\"margin-left: 10px; margin-right: 10px;\" title=\"FOTO-GONZALEZ-HEINRICH2\" src=\"http:\/\/heinrich.cl\/ggh2\/wp-content\/uploads\/2013\/03\/FOTO-GONZALEZ-HEINRICH2.jpg\" alt=\"\" width=\"198\" height=\"142\" \/> <strong>Los Establecimientos Educacionales\u00a0 Profesor Guillermo Gonz\u00e1lez Heinrich creen en una educaci\u00f3n de calidad y equidad, lo que se traduce en un f\u00e9rreo compromiso de responsabilidad \u00e9tica y social frente al servicio que se entrega; por ello y en consecuencia, imparte una educaci\u00f3n significativa, \u00fatil y perdurable en el tiempo, teniendo como base el di\u00e1logo como forma de relaci\u00f3n permanente y el pluralismo y la tolerancia como actitudes de todos los componentes de la unidad educativa.<\/strong><\/span><\/em><br \/>\n<em><span style=\"color: #ffffff;\"><strong>Estos elementos son los que, precisamente, lo identifica y retrata, por cuanto acepta y asume la diferencia para provocar cambios que benefician el desarrollo intelectual, val\u00f3rico y emocional del estudiante, todo ello a la luz de un claro y definido principio de autoridad.<\/strong><\/span><\/em><\/p>\n<h2 style=\"text-align: justify;\"><em><span style=\"color: #ffffff;\">Nuestra Visi\u00f3n<\/span><\/em><\/h2>\n<p style=\"text-align: justify;\"><em><span style=\"color: #ffffff;\"><strong>Anhelamos consolidar al \u201cInstituto Polit\u00e9cnico y Centro Educacional Profesor Guillermo Gonz\u00e1lez Heinrich\u201d como un puente de desarrollo integral, para ni\u00f1os y j\u00f3venes que fijaron en este medio todas las expectativas para desarrollar aquellos pilares de formaci\u00f3n acad\u00e9mica y humana necesarias en el mundo de hoy.<\/strong><\/span><\/em><\/p>\n<p style=\"text-align: justify;\"><em><span style=\"color: #ffffff;\"><strong>Ansiamos ofrecer una educaci\u00f3n equitativa, de calidad, significativa, \u00fatil, entretenida y actualizada, acorde a los cambios socioculturales, con compromiso de servicio a la sociedad, pensamiento divergente, diversidad e inclusi\u00f3n.<\/strong><\/span><\/em><\/p>\n<p style=\"text-align: justify;\"><em><span style=\"color: #ffffff;\"><strong>Aspiramos a que la m\u00e1xima de \u201cLlegar\u00e1s a ser lo que logres aprender\u201d se complemente con la de \u201cColegio Entretenido\u201d que tiene como soporte, el desarrollo de todas las expectativas curriculares y extra curriculares requeridas por los estudiantes en su desarrollo integral<\/strong><\/span><\/em><\/p>\n<p style=\"text-align: justify;\"><em><span style=\"color: #ffffff;\"><strong>Pretendemos generar espacios educativos \u00f3ptimos para el aprendizaje, donde puedan desarrollarse las competencias de estudios y profesionales.\u00a0 Respaldamos lo planteado con un f\u00e9rreo compromiso del cuerpo Directivo y Docente, acorde a los requerimientos de la sociedad actual orientada a formar personas con capacidad de innovar, respetar el entorno y a sus semejantes.<\/strong><\/span><\/em><\/p>\n<p>&nbsp;<\/p>\n<h2><em><span style=\"color: #ffffff;\">Nuestros Sellos Institucionales<\/span><\/em><\/h2>\n<p style=\"padding-left: 30px;\"><em><span style=\"color: #ffffff;\">\uf0d8 <strong>Ser un colegio inclusivo<\/strong><\/span><\/em><br \/>\n<em><span style=\"color: #ffffff;\"><strong>\uf0d8 Formaci\u00f3n integral de nuestros estudiantes en el \u00e1rea t\u00e9cnico profesional<\/strong><\/span><\/em><br \/>\n<em><span style=\"color: #ffffff;\"><strong>\uf0d8 Educar con entretenci\u00f3n en un ambiente seguro<\/strong><\/span><\/em><br \/>\n<em><span style=\"color: #ffffff;\"><strong>\uf0d8 Integrar a la familia como parte de un proceso participativo<\/strong><\/span><\/em><\/p>\n<\/div>\n","protected":false},"excerpt":{"rendered":"<p>Misi\u00f3n, Visi\u00f3n y Sellos Nuestra Misi\u00f3n Los Establecimientos Educacionales\u00a0 Profesor Guillermo Gonz\u00e1lez Heinrich creen en una educaci\u00f3n de calidad y equidad, lo que se traduce en un f\u00e9rreo compromiso de responsabilidad \u00e9tica y social frente al servicio que se entrega; por ello y en consecuencia, imparte una educaci\u00f3n significativa, \u00fatil y perdurable en el tiempo, [&hellip;]<\/p>\n","protected":false},"author":1,"featured_media":0,"parent":236,"menu_order":0,"comment_status":"open","ping_status":"open","template":"","meta":[],"_links":{"self":[{"href":"http:\/\/heinrich.cl\/ggh2\/wp-json\/wp\/v2\/pages\/298"}],"collection":[{"href":"http:\/\/heinrich.cl\/ggh2\/wp-json\/wp\/v2\/pages"}],"about":[{"href":"http:\/\/heinrich.cl\/ggh2\/wp-json\/wp\/v2\/types\/page"}],"author":[{"embeddable":true,"href":"http:\/\/heinrich.cl\/ggh2\/wp-json\/wp\/v2\/users\/1"}],"replies":[{"embeddable":true,"href":"http:\/\/heinrich.cl\/ggh2\/wp-json\/wp\/v2\/comments?post=298"}],"version-history":[{"count":20,"href":"http:\/\/heinrich.cl\/ggh2\/wp-json\/wp\/v2\/pages\/298\/revisions"}],"predecessor-version":[{"id":8237,"href":"http:\/\/heinrich.cl\/ggh2\/wp-json\/wp\/v2\/pages\/298\/revisions\/8237"}],"up":[{"embeddable":true,"href":"http:\/\/heinrich.cl\/ggh2\/wp-json\/wp\/v2\/pages\/236"}],"wp:attachment":[{"href":"http:\/\/heinrich.cl\/ggh2\/wp-json\/wp\/v2\/media?parent=298"}],"curies":[{"name":"wp","href":"https:\/\/api.w.org\/{rel}","templated":true}]}}