{"id":296,"date":"2013-03-04T05:15:12","date_gmt":"2013-03-04T05:15:12","guid":{"rendered":"http:\/\/heinrich.cl\/ggh2\/?page_id=296"},"modified":"2013-03-08T19:37:39","modified_gmt":"2013-03-08T19:37:39","slug":"biografia-profesor-guillermo-gonzalez-heinrich","status":"publish","type":"page","link":"http:\/\/heinrich.cl\/ggh2\/incio\/nuestro-colegio\/biografia-profesor-guillermo-gonzalez-heinrich\/","title":{"rendered":"Biograf\u00eda Profesor Guillermo Gonz\u00e1lez Heinrich"},"content":{"rendered":"<h1>Biograf\u00eda Profesor Guillermo Gonz\u00e1lez Heinrich<\/h1>\n<p>&nbsp;<\/p>\n<p style=\"text-align: justify;\"><img loading=\"lazy\" class=\"alignleft size-full wp-image-307\" style=\"margin-left: 10px; margin-right: 10px;\" title=\"prof_guillermoG\" src=\"http:\/\/heinrich.cl\/ggh2\/wp-content\/uploads\/2013\/03\/prof_guillermoG.jpg\" alt=\"\" width=\"200\" height=\"200\" srcset=\"http:\/\/heinrich.cl\/ggh2\/wp-content\/uploads\/2013\/03\/prof_guillermoG.jpg 200w, http:\/\/heinrich.cl\/ggh2\/wp-content\/uploads\/2013\/03\/prof_guillermoG-150x150.jpg 150w, http:\/\/heinrich.cl\/ggh2\/wp-content\/uploads\/2013\/03\/prof_guillermoG-184x184.jpg 184w, http:\/\/heinrich.cl\/ggh2\/wp-content\/uploads\/2013\/03\/prof_guillermoG-188x188.jpg 188w, http:\/\/heinrich.cl\/ggh2\/wp-content\/uploads\/2013\/03\/prof_guillermoG-56x56.jpg 56w\" sizes=\"(max-width: 200px) 100vw, 200px\" \/>Don Guillermo Gonz\u00e1lez Heinrich naci\u00f3 el 03 de Septiembre de 1913 en la ciudad de Vi\u00f1a del Mar. Fueron sus padres don Ricardo Gonz\u00e1lez Aguirre y do\u00f1a Elisa Heinrich Carmona.<br \/>\nHizo sus primeros estudios en el Colegio de los Padres Franceses de Vi\u00f1a del Mar y a la edad de 15 a\u00f1os debi\u00f3 hacerse cargo de su propia educaci\u00f3n y de la de sus hermanos, trabajando para ello como corrector de pruebas del diario El Mercurio de Santiago, realizando tareas de revisor de redacci\u00f3n, ortograf\u00eda y diagramaci\u00f3n.<br \/>\nDominaba el idioma alem\u00e1n que le ense\u00f1\u00f3 su madre Elisa Heinrich, adem\u00e1s conversaba fluidamente en idioma franc\u00e9s.<\/p>\n<p style=\"text-align: justify;\">En su \u00e9poca de estudiante fue presidente del Centro de Alumnos por tres a\u00f1os consecutivos, distingui\u00e9ndose como eximio orador; adem\u00e1s fue el mejor alumno de su promoci\u00f3n en la Escuela Normal Jos\u00e9 Abelardo N\u00fa\u00f1ez.\u00a0 Fue profesor de Castellano y Franc\u00e9s en Educaci\u00f3n Media, profesor de Log\u00edstica y Filosof\u00eda en Carabineros de Chile.<\/p>\n<p style=\"text-align: justify;\">Su primer nombramiento fue en Puerto Ays\u00e9n, siendo trasladado al a\u00f1o siguiente a Nueva Imperial, donde ocup\u00f3 el cargo de Inspector General en la Escuela de Artesanos. Posteriormente, se traslad\u00f3 a Santiago, desempe\u00f1\u00e1ndose como profesor de Castellano en la Escuela Industrial de Conchal\u00ed. Al cabo de cuatro a\u00f1os de servicios en este establecimiento, se traslad\u00f3 a la Cuidad del Ni\u00f1o \u201cPresidente Juan Antonio R\u00edos\u201d, donde cumpli\u00f3 la mayor parte de su vida docente, granje\u00e1ndose desde un comienzo la admiraci\u00f3n y el cari\u00f1o de sus colegas y alumnos. Su facilidad de palabra y su elocuencia le ayudaron a hacer \u00e1giles y amenas las clases, muchas de las cuales eran aplaudidas por sus alumnos.<br \/>\nEjerci\u00f3 como S\u00faper Intendente de Educaci\u00f3n durante el Gobierno de Don Gabriel Gonz\u00e1lez Videla y tambi\u00e9n se desempe\u00f1\u00f3 en la Universidad T\u00e9cnica del Estado.<\/p>\n<p style=\"text-align: justify;\">Sus conceptos claros acu\u00f1aron frases como \u201cLlegar\u00e1s a ser lo que logres aprender\u201d. \u201cLo importante en la vida no es lo que t\u00fa tienes, sino lo que t\u00fa eres\u201d. \u201cTodo te lo pueden quitar, menos lo que has aprendido\u201d.<br \/>\nFue maestro nato: supo entregar a sus alumnos el propio amor por el estudio e inculcarles valores y h\u00e1bitos con dedicaci\u00f3n y cari\u00f1o.\u00a0 Nuestro Grupo Educacional lleva su nombre con orgullo, como una manera de reconocer, valorar y hacer resaltar los principios que guiaron su quehacer pedag\u00f3gico por el bien espiritual de la juventud, a la que tanto ense\u00f1\u00f3.<br \/>\nEn el a\u00f1o 1981 obtiene el decerto cooperador y nace como instituci\u00f3n educativa orientada a cubrir necesidades de ni\u00f1os y j\u00f3venes de sectores sociales mas deprimidos.<\/p>\n","protected":false},"excerpt":{"rendered":"<p>Biograf\u00eda Profesor Guillermo Gonz\u00e1lez Heinrich &nbsp; Don Guillermo Gonz\u00e1lez Heinrich naci\u00f3 el 03 de Septiembre de 1913 en la ciudad de Vi\u00f1a del Mar. Fueron sus padres don Ricardo Gonz\u00e1lez Aguirre y do\u00f1a Elisa Heinrich Carmona. Hizo sus primeros estudios en el Colegio de los Padres Franceses de Vi\u00f1a del Mar y a la edad [&hellip;]<\/p>\n","protected":false},"author":1,"featured_media":0,"parent":236,"menu_order":0,"comment_status":"open","ping_status":"open","template":"","meta":[],"_links":{"self":[{"href":"http:\/\/heinrich.cl\/ggh2\/wp-json\/wp\/v2\/pages\/296"}],"collection":[{"href":"http:\/\/heinrich.cl\/ggh2\/wp-json\/wp\/v2\/pages"}],"about":[{"href":"http:\/\/heinrich.cl\/ggh2\/wp-json\/wp\/v2\/types\/page"}],"author":[{"embeddable":true,"href":"http:\/\/heinrich.cl\/ggh2\/wp-json\/wp\/v2\/users\/1"}],"replies":[{"embeddable":true,"href":"http:\/\/heinrich.cl\/ggh2\/wp-json\/wp\/v2\/comments?post=296"}],"version-history":[{"count":8,"href":"http:\/\/heinrich.cl\/ggh2\/wp-json\/wp\/v2\/pages\/296\/revisions"}],"predecessor-version":[{"id":370,"href":"http:\/\/heinrich.cl\/ggh2\/wp-json\/wp\/v2\/pages\/296\/revisions\/370"}],"up":[{"embeddable":true,"href":"http:\/\/heinrich.cl\/ggh2\/wp-json\/wp\/v2\/pages\/236"}],"wp:attachment":[{"href":"http:\/\/heinrich.cl\/ggh2\/wp-json\/wp\/v2\/media?parent=296"}],"curies":[{"name":"wp","href":"https:\/\/api.w.org\/{rel}","templated":true}]}}