{"id":2855,"date":"2019-07-10T19:05:57","date_gmt":"2019-07-10T19:05:57","guid":{"rendered":"http:\/\/heinrich.cl\/ggh2\/?page_id=2855"},"modified":"2023-08-03T18:28:14","modified_gmt":"2023-08-03T18:28:14","slug":"centro-alumnos","status":"publish","type":"page","link":"http:\/\/heinrich.cl\/ggh2\/centro-alumnos\/","title":{"rendered":""},"content":{"rendered":"<h5><\/h5>\n<h1 style=\"text-align: center;\"><span style=\"color: #800000;\"><strong>Colegio Profesor Guillermo Gonz\u00e1lez Heinrich\u00a0\u00a0<\/strong><\/span><\/h1>\n<h1 style=\"text-align: center;\"><span style=\"color: #800000;\">SEDE \u00d1U\u00d1OA<\/span><\/h1>\n<p>&nbsp;<\/p>\n<table class=\"aligncenter\" style=\"width: 100%; border-collapse: collapse; border-color: #870303; background-color: #f2910a;\" border=\"1\">\n<tbody>\n<tr>\n<td style=\"width: 100%;\">\n<h3><span style=\"color: #800000;\">Avda. Jos\u00e9 Pedro Alessandri 352\u00a0<\/span><\/h3>\n<h2><span style=\"color: #800000;\">Tel\u00e9fonos temporales de contacto +56 9 5401 5315<\/span><\/h2>\n<h2><span style=\"color: #993300;\">gghnunoa@heinrich.cl\u00a0 \u00a0 \u00a0 \u00a0 \u00a0 \u00a0 \u00a0 \u00a0 \u00a0 \u00a0 \u00a0 \u00a0 \u00a0 \u00a0 \u00a0 \u00a0 \u00a0 \u00a0 \u00a0 \u00a0 \u00a0 \u00a0 \u00a0 \u00a0 \u00a0 \u00a0 \u00a0 \u00a0 \u00a0 \u00a0 \u00a0 \u00a0 \u00a0 \u00a0 \u00a0 \u00a0 \u00a0 \u00a0 \u00a0 \u00a0 \u00a0 \u00a0 \u00a0 \u00a0 \u00a0 \u00a0 \u00a0 \u00a0 \u00a0 \u00a0 \u00a0 \u00a0 \u00a0 \u00a0 \u00a0 \u00a0 \u00a0 \u00a0 \u00a0 \u00a0 \u00a0<\/span><\/h2>\n<\/td>\n<\/tr>\n<\/tbody>\n<\/table>\n<h3><\/h3>\n<p>&nbsp;<\/p>\n<p><a href=\"http:\/\/heinrich.cl\/ggh2\/wp-content\/uploads\/2021\/07\/correos-1-1.png\"><img loading=\"lazy\" class=\" wp-image-5993 aligncenter\" src=\"http:\/\/heinrich.cl\/ggh2\/wp-content\/uploads\/2021\/07\/correos-1-1-300x60.png\" alt=\"\" width=\"827\" height=\"165\" srcset=\"http:\/\/heinrich.cl\/ggh2\/wp-content\/uploads\/2021\/07\/correos-1-1-300x60.png 300w, http:\/\/heinrich.cl\/ggh2\/wp-content\/uploads\/2021\/07\/correos-1-1-1024x204.png 1024w, http:\/\/heinrich.cl\/ggh2\/wp-content\/uploads\/2021\/07\/correos-1-1-768x153.png 768w, http:\/\/heinrich.cl\/ggh2\/wp-content\/uploads\/2021\/07\/correos-1-1.png 1275w\" sizes=\"(max-width: 827px) 100vw, 827px\" \/><\/a><\/p>\n<p>&nbsp;<\/p>\n<p>&nbsp;<\/p>\n<p><iframe loading=\"lazy\" style=\"border: 0;\" src=\"https:\/\/www.google.com\/maps\/embed?pb=!1m18!1m12!1m3!1d3328.654336331093!2d-70.59988818509126!3d-33.458311105301235!2m3!1f0!2f0!3f0!3m2!1i1024!2i768!4f13.1!3m3!1m2!1s0x9662cfbffd1e1f73%3A0x31da2c51c0d0eb36!2sAv.%20Jos%C3%A9%20Pedro%20Alessandri%20352%2C%20%C3%91u%C3%B1oa%2C%20Regi%C3%B3n%20Metropolitana!5e0!3m2!1ses!2scl!4v1629780669532!5m2!1ses!2scl\" width=\"600\" height=\"450\" allowfullscreen=\"allowfullscreen\"><\/iframe><\/p>\n<p><a href=\"http:\/\/heinrich.cl\/ggh2\/wp-content\/uploads\/2021\/07\/211435249_116591404001348_2009129970400941786_n.jpg\"><img loading=\"lazy\" class=\"alignnone wp-image-6011\" src=\"http:\/\/heinrich.cl\/ggh2\/wp-content\/uploads\/2021\/07\/211435249_116591404001348_2009129970400941786_n-300x300.jpg\" alt=\"\" width=\"603\" height=\"603\" srcset=\"http:\/\/heinrich.cl\/ggh2\/wp-content\/uploads\/2021\/07\/211435249_116591404001348_2009129970400941786_n-300x300.jpg 300w, http:\/\/heinrich.cl\/ggh2\/wp-content\/uploads\/2021\/07\/211435249_116591404001348_2009129970400941786_n-150x150.jpg 150w, http:\/\/heinrich.cl\/ggh2\/wp-content\/uploads\/2021\/07\/211435249_116591404001348_2009129970400941786_n-184x184.jpg 184w, http:\/\/heinrich.cl\/ggh2\/wp-content\/uploads\/2021\/07\/211435249_116591404001348_2009129970400941786_n-188x188.jpg 188w, http:\/\/heinrich.cl\/ggh2\/wp-content\/uploads\/2021\/07\/211435249_116591404001348_2009129970400941786_n-56x56.jpg 56w, http:\/\/heinrich.cl\/ggh2\/wp-content\/uploads\/2021\/07\/211435249_116591404001348_2009129970400941786_n.jpg 526w\" sizes=\"(max-width: 603px) 100vw, 603px\" \/><\/a><\/p>\n<p>&nbsp;<\/p>\n<p>&nbsp;<\/p>\n","protected":false},"excerpt":{"rendered":"<p>Colegio Profesor Guillermo Gonz\u00e1lez Heinrich\u00a0\u00a0 SEDE \u00d1U\u00d1OA &nbsp; Avda. Jos\u00e9 Pedro Alessandri 352\u00a0 Tel\u00e9fonos temporales de contacto +56 9 5401 5315 gghnunoa@heinrich.cl\u00a0 \u00a0 \u00a0 \u00a0 \u00a0 \u00a0 \u00a0 \u00a0 \u00a0 \u00a0 \u00a0 \u00a0 \u00a0 \u00a0 \u00a0 \u00a0 \u00a0 \u00a0 \u00a0 \u00a0 \u00a0 \u00a0 \u00a0 \u00a0 \u00a0 \u00a0 \u00a0 \u00a0 \u00a0 \u00a0 \u00a0 \u00a0 \u00a0 \u00a0 [&hellip;]<\/p>\n","protected":false},"author":3,"featured_media":0,"parent":0,"menu_order":0,"comment_status":"closed","ping_status":"closed","template":"","meta":[],"_links":{"self":[{"href":"http:\/\/heinrich.cl\/ggh2\/wp-json\/wp\/v2\/pages\/2855"}],"collection":[{"href":"http:\/\/heinrich.cl\/ggh2\/wp-json\/wp\/v2\/pages"}],"about":[{"href":"http:\/\/heinrich.cl\/ggh2\/wp-json\/wp\/v2\/types\/page"}],"author":[{"embeddable":true,"href":"http:\/\/heinrich.cl\/ggh2\/wp-json\/wp\/v2\/users\/3"}],"replies":[{"embeddable":true,"href":"http:\/\/heinrich.cl\/ggh2\/wp-json\/wp\/v2\/comments?post=2855"}],"version-history":[{"count":22,"href":"http:\/\/heinrich.cl\/ggh2\/wp-json\/wp\/v2\/pages\/2855\/revisions"}],"predecessor-version":[{"id":6766,"href":"http:\/\/heinrich.cl\/ggh2\/wp-json\/wp\/v2\/pages\/2855\/revisions\/6766"}],"wp:attachment":[{"href":"http:\/\/heinrich.cl\/ggh2\/wp-json\/wp\/v2\/media?parent=2855"}],"curies":[{"name":"wp","href":"https:\/\/api.w.org\/{rel}","templated":true}]}}