{"id":2613,"date":"2019-07-01T15:38:45","date_gmt":"2019-07-01T15:38:45","guid":{"rendered":"http:\/\/heinrich.cl\/ggh2\/?page_id=2613"},"modified":"2026-03-30T11:56:19","modified_gmt":"2026-03-30T11:56:19","slug":"saludo-2019","status":"publish","type":"page","link":"http:\/\/heinrich.cl\/ggh2\/saludo-2019\/","title":{"rendered":""},"content":{"rendered":"<p>[vc_row][vc_column][vc_column_text css_animation=\u00bbappear\u00bb][\/vc_column_text][\/vc_column][\/vc_row][vc_row][vc_column][vc_column_text css=\u00bb.vc_custom_1774871755257{background-image: url(http:\/\/heinrich.cl\/ggh2\/wp-content\/uploads\/2020\/08\/Presentaci\u00f3n1.jpg?id=4869) !important;}\u00bb]<\/p>\n<p style=\"text-align: center;\"><strong>Centro Educacional Profesor Guillermo Gonz\u00e1lez Heinrich RBD: 9194-4<\/strong><\/p>\n<p style=\"text-align: center;\"><strong>\u00a8Llegar\u00e1s a ser lo que logres aprender\u00a8<\/strong><\/p>\n<p><strong>Santiago, Marzo de 2026<\/strong><\/p>\n<p><strong>Bienvenida a este nuevo a\u00f1o escolar 2026<\/strong><\/p>\n<p>&nbsp;<\/p>\n<p>Estimada Comunidad Educativa:<\/p>\n<p>&nbsp;<\/p>\n<p>Con mucha alegr\u00eda y esperanza les doy la m\u00e1s cordial bienvenida a este nuevo a\u00f1o escolar 2026. Iniciamos un nuevo ciclo lleno de desaf\u00edos, aprendizajes y oportunidades para seguir creciendo juntos como comunidad.<\/p>\n<p>A nuestros estudiantes, les animo a comenzar este a\u00f1o con entusiasmo, responsabilidad y disposici\u00f3n para aprender. Cada nuevo a\u00f1o es una oportunidad para proponerse metas, fortalecer amistades y descubrir nuevas habilidades.<\/p>\n<p>A nuestros padres y apoderados, agradezco sinceramente la confianza que depositan en nuestro colegio al confiarnos la formaci\u00f3n y el cuidado de sus hijos. Su acompa\u00f1amiento permanente es fundamental para el desarrollo integral de nuestros estudiantes, y esperamos seguir trabajando en conjunto, con di\u00e1logo y compromiso mutuo.<\/p>\n<p>Les informamos adem\u00e1s que se encuentra vigente la <strong>Ley N\u00b0 21.801<\/strong>, que regula el uso de dispositivos tecnol\u00f3gicos en los establecimientos educacionales. En virtud de esta normativa y de nuestro Reglamento Interno, <strong>los estudiantes no pueden asistir al colegio con dispositivos electr\u00f3nicos tales como tablet, smartphones, tel\u00e9fonos celulares u otros similares<\/strong>. Esta medida busca resguardar los espacios de aprendizaje, la concentraci\u00f3n en clases y una sana convivencia escolar. Agradecemos desde ya su colaboraci\u00f3n y apoyo en el cumplimiento de esta disposici\u00f3n.<\/p>\n<p>Confiamos en que este a\u00f1o estar\u00e1 marcado por el respeto, la perseverancia, el esfuerzo y el trabajo colaborativo, valores que fortalecen nuestra comunidad y el crecimiento de cada estudiante.<\/p>\n<p>Les deseo a todos y cada uno de ustedes un excelente a\u00f1o escolar 2026, lleno de aprendizajes, alegr\u00edas y logros.<\/p>\n<p>Atentamente,<\/p>\n<p>&nbsp;<\/p>\n<p><strong>Mar\u00eda Pamela Child Olivier Directora<\/strong>[\/vc_column_text][\/vc_column][\/vc_row]<\/p>\n","protected":false},"excerpt":{"rendered":"<p>[vc_row][vc_column][vc_column_text css_animation=\u00bbappear\u00bb][\/vc_column_text][\/vc_column][\/vc_row][vc_row][vc_column][vc_column_text css=\u00bb.vc_custom_1774871755257{background-image: url(http:\/\/heinrich.cl\/ggh2\/wp-content\/uploads\/2020\/08\/Presentaci\u00f3n1.jpg?id=4869) !important;}\u00bb] Centro Educacional Profesor Guillermo Gonz\u00e1lez Heinrich RBD: 9194-4 \u00a8Llegar\u00e1s a ser lo que logres aprender\u00a8 Santiago, Marzo de 2026 Bienvenida a este nuevo a\u00f1o escolar 2026 &nbsp; Estimada Comunidad Educativa: &nbsp; Con mucha alegr\u00eda y esperanza les doy la m\u00e1s cordial bienvenida a este nuevo a\u00f1o escolar 2026. Iniciamos un [&hellip;]<\/p>\n","protected":false},"author":3,"featured_media":0,"parent":0,"menu_order":0,"comment_status":"closed","ping_status":"closed","template":"","meta":[],"_links":{"self":[{"href":"http:\/\/heinrich.cl\/ggh2\/wp-json\/wp\/v2\/pages\/2613"}],"collection":[{"href":"http:\/\/heinrich.cl\/ggh2\/wp-json\/wp\/v2\/pages"}],"about":[{"href":"http:\/\/heinrich.cl\/ggh2\/wp-json\/wp\/v2\/types\/page"}],"author":[{"embeddable":true,"href":"http:\/\/heinrich.cl\/ggh2\/wp-json\/wp\/v2\/users\/3"}],"replies":[{"embeddable":true,"href":"http:\/\/heinrich.cl\/ggh2\/wp-json\/wp\/v2\/comments?post=2613"}],"version-history":[{"count":31,"href":"http:\/\/heinrich.cl\/ggh2\/wp-json\/wp\/v2\/pages\/2613\/revisions"}],"predecessor-version":[{"id":2618,"href":"http:\/\/heinrich.cl\/ggh2\/wp-json\/wp\/v2\/pages\/2613\/revisions\/2618"}],"wp:attachment":[{"href":"http:\/\/heinrich.cl\/ggh2\/wp-json\/wp\/v2\/media?parent=2613"}],"curies":[{"name":"wp","href":"https:\/\/api.w.org\/{rel}","templated":true}]}}